{"id":7890,"date":"2020-02-01T18:42:44","date_gmt":"2020-02-01T15:42:44","guid":{"rendered":"https:\/\/anemonmuhendislik.com\/hakkimizda\/"},"modified":"2024-10-14T22:51:06","modified_gmt":"2024-10-14T19:51:06","slug":"about-us","status":"publish","type":"page","link":"https:\/\/anemonmuhendislik.com\/en\/about-us\/","title":{"rendered":"Meet Your Homologation Solution Partner"},"content":{"rendered":"\n<div class=\"wp-block-stackable-hero alignfull stk-block-hero stk-block stk-e27e6b4 stk-block-background stk--has-background-overlay\" data-v=\"2\" data-block-id=\"e27e6b4\"><style>.stk-e27e6b4{background-color:#000000 !important;background-image:url(https:\/\/anemonmuhendislik.com\/wp-content\/uploads\/2024\/02\/image_2024-02-25_172756714.jpg) !important;min-height:900px !important;align-items:center !important;display:flex !important}.stk-e27e6b4:before{background-color:#000000 !important;opacity:0.8 !important}.stk-e27e6b4 .stk-block-hero__content{min-height:500px !important;align-items:center !important;display:flex !important}<\/style><div class=\"stk-block-hero__content stk-content-align stk-e27e6b4-column alignwide stk-container stk-e27e6b4-container stk--no-background stk--no-padding\"><div class=\"stk-block-content stk-inner-blocks has-text-align-center stk-e27e6b4-inner-blocks\">\n<div class=\"wp-block-stackable-heading stk-block-heading stk-block-heading--v2 stk-block stk-0e565a0\" id=\"your-homologation-solution-partner\" data-block-id=\"0e565a0\"><style>.stk-0e565a0 .stk-block-heading__text{font-size:64px !important;color:#FFFFFF !important;font-weight:200 !important;font-family:\"Inter\",Sans-serif !important}@media screen and (max-width:999px){.stk-0e565a0 .stk-block-heading__text{font-size:50px !important}}<\/style><h2 class=\"stk-block-heading__text has-text-color has-white-color\">Your Homologation Solution Partner<\/h2><\/div>\n\n\n\n<div class=\"wp-block-stackable-text stk-block-text stk-block stk-99b8ab9\" data-block-id=\"99b8ab9\"><style>.stk-99b8ab9 .stk-block-text__text{color:#FFFFFF !important}<\/style><p class=\"stk-block-text__text has-text-color has-white-color\">Let&#8217;s conduct the approval processes of vehicles and their components together according to National, United Nations, and European Union regulations. Get to know your Homologation Solution Partner closely.<\/p><\/div>\n\n\n\n<div class=\"wp-block-stackable-button-group stk-block-button-group stk-block stk-37913da\" data-block-id=\"37913da\"><div class=\"stk-row stk-inner-blocks stk-block-content stk-button-group\">\n<div class=\"wp-block-stackable-button stk-block-button is-style-ghost stk-block stk-c3452e8\" data-block-id=\"c3452e8\"><style>.stk-c3452e8:hover{opacity:0.8 !important}.stk-c3452e8 .stk-button{padding-right:24px !important;padding-left:24px !important;background:transparent !important;border-top-left-radius:50px !important;border-top-right-radius:50px !important;border-bottom-right-radius:50px !important;border-bottom-left-radius:50px !important}.stk-c3452e8 .stk-button:hover:after{background:transparent !important;opacity:1 !important}:where(.stk-hover-parent:hover,.stk-hover-parent.stk--is-hovered) .stk-c3452e8 .stk-button:after{background:transparent !important;opacity:1 !important}.stk-c3452e8 .stk-button:before{border-style:solid !important}.stk-c3452e8 .stk-button .stk--inner-svg svg:last-child,.stk-c3452e8 .stk-button .stk--inner-svg svg:last-child :is(g,path,rect,polygon,ellipse){fill:var(--theme-palette-color-2,#1559ed) !important}.stk-c3452e8 .stk-button__inner-text{font-size:16px !important;font-family:\"Inter\",Sans-serif !important}@media screen and (max-width:999px){.stk-c3452e8 .stk-button__inner-text{font-size:16px !important}}<\/style><a class=\"stk-link stk-button stk--hover-effect-darken\" href=\"https:\/\/anemonmuhendislik.com\/en\/contact-us-for-the-type-approval-certificate\/\"><span class=\"stk--svg-wrapper\"><div class=\"stk--inner-svg\"><svg xmlns=\"http:\/\/www.w3.org\/2000\/svg\" viewBox=\"0 0 384 512\" aria-hidden=\"true\" width=\"32\" height=\"32\"><path d=\"M256 48V64c0 17.7-14.3 32-32 32H160c-17.7 0-32-14.3-32-32V48H64c-8.8 0-16 7.2-16 16V448c0 8.8 7.2 16 16 16H320c8.8 0 16-7.2 16-16V64c0-8.8-7.2-16-16-16H256zM0 64C0 28.7 28.7 0 64 0H320c35.3 0 64 28.7 64 64V448c0 35.3-28.7 64-64 64H64c-35.3 0-64-28.7-64-64V64zM160 320h64c44.2 0 80 35.8 80 80c0 8.8-7.2 16-16 16H96c-8.8 0-16-7.2-16-16c0-44.2 35.8-80 80-80zm-32-96a64 64 0 1 1 128 0 64 64 0 1 1 -128 0z\"><\/path><\/svg><\/div><\/span><span class=\"stk-button__inner-text\">More Info<\/span><\/a><\/div>\n<\/div><\/div>\n<\/div><\/div><\/div>\n\n\n\n<div class=\"wp-block-stackable-feature alignwide stk-block-feature stk-block stk-63a167d is-style-default\" data-v=\"2\" data-block-id=\"63a167d\"><div class=\"stk-content-align stk-63a167d-column alignwide stk-container stk-63a167d-container stk--no-background stk--no-padding\"><div class=\"stk-inner-blocks stk-block-content stk-row\">\n<div class=\"wp-block-stackable-column stk-block-column stk-column stk-block stk-c1263cf\" data-v=\"4\" data-block-id=\"c1263cf\"><style>.stk-c1263cf{align-self:center !important}<\/style><div class=\"stk-column-wrapper stk-block-column__content stk-container stk-c1263cf-container stk--no-background stk--no-padding\"><div class=\"has-text-align-center stk-block-content stk-inner-blocks stk-c1263cf-inner-blocks\">\n<div class=\"wp-block-stackable-heading stk-block-heading stk-block-heading--v2 stk-block stk-090a45f\" id=\"meet-25-years-of-experience\" data-block-id=\"090a45f\"><style>.stk-090a45f .stk-block-heading__text{font-weight:600 !important;font-family:\"Lato\",Sans-serif !important}<\/style><h2 class=\"stk-block-heading__text\">Meet 25+ Years of Experience<\/h2><\/div>\n\n\n\n<div class=\"wp-block-stackable-text stk-block-text stk-block stk-87e1322\" data-block-id=\"87e1322\"><p class=\"stk-block-text__text\">Anemon Engineering offers solutions with its expert team possessing over 25 years of experience in its Ankara (Head Office), Istanbul, and Bursa (Turkey) locations.<\/p><\/div>\n\n\n\n<div class=\"wp-block-stackable-text stk-block-text stk-block stk-08d5640\" data-block-id=\"08d5640\"><p class=\"stk-block-text__text\">We manage national and international vehicle and component type approval processes in line with the needs of manufacturers.<\/p><\/div>\n<\/div><\/div><\/div>\n\n\n\n<div class=\"wp-block-stackable-column stk-block-column stk-column stk-block stk-c18f9dd\" data-v=\"4\" data-block-id=\"c18f9dd\"><style>.stk-c18f9dd{align-self:center !important}<\/style><div class=\"stk-column-wrapper stk-block-column__content stk-container stk-c18f9dd-container stk--no-background stk--no-padding\"><div class=\"stk-block-content stk-inner-blocks stk-c18f9dd-inner-blocks\">\n<div class=\"wp-block-stackable-image stk-block-image stk-block stk-9193d92\" data-block-id=\"9193d92\"><figure><span class=\"stk-img-wrapper stk-image--shape-stretch\"><img decoding=\"async\" class=\"stk-img wp-image-7288\" src=\"https:\/\/anemonmuhendislik.com\/wp-content\/uploads\/2024\/02\/image_2024-02-25_210721713.jpg\" width=\"1024\" height=\"1024\" alt=\"A\u0130TM Projesi, A\u0130TM Seri Tadilat, A\u0130TM M\u00fcnferit Onay, MARTOY Tip Onay\" srcset=\"https:\/\/anemonmuhendislik.com\/wp-content\/uploads\/2024\/02\/image_2024-02-25_210721713.jpg 1024w, https:\/\/anemonmuhendislik.com\/wp-content\/uploads\/2024\/02\/image_2024-02-25_210721713-300x300.jpg 300w, https:\/\/anemonmuhendislik.com\/wp-content\/uploads\/2024\/02\/image_2024-02-25_210721713-150x150.jpg 150w, https:\/\/anemonmuhendislik.com\/wp-content\/uploads\/2024\/02\/image_2024-02-25_210721713-768x768.jpg 768w, https:\/\/anemonmuhendislik.com\/wp-content\/uploads\/2024\/02\/image_2024-02-25_210721713-12x12.jpg 12w\" sizes=\"(max-width: 1024px) 100vw, 1024px\" \/><\/span><\/figure><\/div>\n<\/div><\/div><\/div>\n<\/div><\/div><\/div>\n\n\n\n<div class=\"wp-block-stackable-columns alignfull stk-block-columns stk-has-bottom-separator stk-block stk-051c937 stk-block-background\" data-block-id=\"051c937\"><style>.stk-051c937{background-color:#313131 !important;min-height:600px !important;align-items:center !important;display:flex !important}.stk-051c937:before{background-color:#313131 !important}.stk-051c937 > .stk-separator__bottom .stk-separator__wrapper{height:300px !important}<\/style><div class=\"stk-row stk-inner-blocks stk-block-content stk-content-align stk-051c937-column alignwide\">\n<div class=\"wp-block-stackable-column stk-block-column stk-column stk-block stk-6230f9b\" data-v=\"4\" data-block-id=\"6230f9b\"><div class=\"stk-column-wrapper stk-block-column__content stk-container stk-6230f9b-container stk--no-background stk--no-padding\"><div class=\"stk-block-content stk-inner-blocks stk-6230f9b-inner-blocks\">\n<div class=\"wp-block-stackable-heading stk-block-heading stk-block-heading--v2 stk-block stk-8afe8a8\" id=\"strong-ready-for-transformation-strong\" data-block-id=\"8afe8a8\"><style>.stk-8afe8a8 .stk-block-heading__text{color:#51e0d9 !important;font-weight:300 !important;font-family:\"IBM Plex Sans\",Sans-serif !important}<\/style><h2 class=\"stk-block-heading__text has-text-color\"><strong>Ready for Transformation!<\/strong><\/h2><\/div>\n\n\n\n<p class=\"has-palette-color-8-color has-text-color has-link-color wp-elements-ea8aee8ba614bd9f2d0187c16993ac24\">Emerging technologies have created a wave in the automotive sector, and we are ready to transform alongside your team!<\/p>\n\n\n\n<p class=\"has-palette-color-8-color has-text-color has-link-color wp-elements-63a7f702009df52e6646f3065b9e18a9\">We aim to provide significant advantages in various areas by offering engineering and consultancy services throughout all intermediate stages, from the design phase of production to the registration processes.<\/p>\n\n\n\n<p class=\"has-palette-color-8-color has-text-color has-link-color wp-elements-589025eaefe74f7a64a9965f495515eb\">By ensuring compliance with current regulations and coordinating with approval bodies, we prevent any disruptions in production.<\/p>\n\n\n\n<p class=\"has-palette-color-8-color has-text-color has-link-color wp-elements-3303e4d81d04e70310f91c399545bb9b\">Our goal is to manage the homologation processes of our manufacturers robustly, ensuring production adheres to quality systems and minimizing risks in the market.<\/p>\n\n\n\n<div class=\"wp-block-stackable-text stk-block-text stk-block stk-7c5f3ce\" data-block-id=\"7c5f3ce\"><style>.stk-7c5f3ce .stk-block-text__text{color:#ffffff !important}<\/style><p class=\"stk-block-text__text has-text-color\">Within our company, experts in their respective fields provide direct support to our manufacturers.<\/p><\/div>\n<\/div><\/div><\/div>\n<\/div><div class=\"stk-separator stk-separator__bottom\"><div class=\"stk-separator__wrapper\"><svg xmlns=\"http:\/\/www.w3.org\/2000\/svg\" viewBox=\"0 0 1600 200\" class=\"stk-separator__layer-1\" preserveAspectRatio=\"none\" aria-hidden=\"true\"><path class=\"slant-1_svg__st2\" d=\"M-10 210h1620V.5L-10 183.9z\"><\/path><\/svg><\/div><\/div><\/div>\n\n\n\n<div class=\"wp-block-stackable-button-group stk-block-button-group stk-block stk-c730cb3 stk-block-background stk--has-background-overlay\" data-block-id=\"c730cb3\"><style>.stk-c730cb3{background-color:transparent !important;padding-top:0px !important;padding-right:0px !important;padding-bottom:0px !important;padding-left:0px !important}.stk-c730cb3:before{background-image:linear-gradient(90deg,0%,rgba(0,0,0,0) 100%) !important}.stk-c730cb3 .stk-inner-blocks{column-gap:50px !important;row-gap:0px !important}<\/style><div class=\"stk-row stk-inner-blocks has-text-align-center stk-block-content stk-button-group\">\n<div class=\"wp-block-stackable-icon-button stk-block-icon-button stk-block stk-48b2304\" data-block-id=\"48b2304\"><style>.stk-48b2304 .stk-button{background:#c13584 !important}<\/style><a class=\"stk-link stk-button stk--hover-effect-darken\" href=\"https:\/\/www.instagram.com\/anemonmuhendislik\/\" target=\"_blank\" rel=\"noopener\"><span class=\"stk--svg-wrapper\"><div class=\"stk--inner-svg\"><svg data-prefix=\"fab\" data-icon=\"instagram\" class=\"svg-inline--fa fa-instagram fa-w-14\" xmlns=\"http:\/\/www.w3.org\/2000\/svg\" viewBox=\"0 0 448 512\" aria-hidden=\"true\" width=\"32\" height=\"32\"><path fill=\"currentColor\" d=\"M224.1 141c-63.6 0-114.9 51.3-114.9 114.9s51.3 114.9 114.9 114.9S339 319.5 339 255.9 287.7 141 224.1 141zm0 189.6c-41.1 0-74.7-33.5-74.7-74.7s33.5-74.7 74.7-74.7 74.7 33.5 74.7 74.7-33.6 74.7-74.7 74.7zm146.4-194.3c0 14.9-12 26.8-26.8 26.8-14.9 0-26.8-12-26.8-26.8s12-26.8 26.8-26.8 26.8 12 26.8 26.8zm76.1 27.2c-1.7-35.9-9.9-67.7-36.2-93.9-26.2-26.2-58-34.4-93.9-36.2-37-2.1-147.9-2.1-184.9 0-35.8 1.7-67.6 9.9-93.9 36.1s-34.4 58-36.2 93.9c-2.1 37-2.1 147.9 0 184.9 1.7 35.9 9.9 67.7 36.2 93.9s58 34.4 93.9 36.2c37 2.1 147.9 2.1 184.9 0 35.9-1.7 67.7-9.9 93.9-36.2 26.2-26.2 34.4-58 36.2-93.9 2.1-37 2.1-147.8 0-184.8zM398.8 388c-7.8 19.6-22.9 34.7-42.6 42.6-29.5 11.7-99.5 9-132.1 9s-102.7 2.6-132.1-9c-19.6-7.8-34.7-22.9-42.6-42.6-11.7-29.5-9-99.5-9-132.1s-2.6-102.7 9-132.1c7.8-19.6 22.9-34.7 42.6-42.6 29.5-11.7 99.5-9 132.1-9s102.7-2.6 132.1 9c19.6 7.8 34.7 22.9 42.6 42.6 11.7 29.5 9 99.5 9 132.1s2.7 102.7-9 132.1z\"><\/path><\/svg><\/div><\/span><\/a><\/div>\n\n\n\n<div class=\"wp-block-stackable-icon-button stk-block-icon-button stk-block stk-1394488\" data-block-id=\"1394488\"><style>.stk-1394488 .stk-button{background:#0e76a8 !important}<\/style><a class=\"stk-link stk-button stk--hover-effect-darken\" href=\"https:\/\/www.linkedin.com\/company\/78320123\/admin\/feed\/posts\/\" target=\"_blank\" rel=\"noopener\"><span class=\"stk--svg-wrapper\"><div class=\"stk--inner-svg\"><svg data-prefix=\"fab\" data-icon=\"linkedin-in\" class=\"svg-inline--fa fa-linkedin-in fa-w-14\" xmlns=\"http:\/\/www.w3.org\/2000\/svg\" viewBox=\"0 0 448 512\" aria-hidden=\"true\" width=\"32\" height=\"32\"><path fill=\"currentColor\" d=\"M100.28 448H7.4V148.9h92.88zM53.79 108.1C24.09 108.1 0 83.5 0 53.8a53.79 53.79 0 0 1 107.58 0c0 29.7-24.1 54.3-53.79 54.3zM447.9 448h-92.68V302.4c0-34.7-.7-79.2-48.29-79.2-48.29 0-55.69 37.7-55.69 76.7V448h-92.78V148.9h89.08v40.8h1.3c12.4-23.5 42.69-48.3 87.88-48.3 94 0 111.28 61.9 111.28 142.3V448z\"><\/path><\/svg><\/div><\/span><\/a><\/div>\n\n\n\n<div class=\"wp-block-stackable-icon-button stk-block-icon-button stk-block stk-37f4d09\" data-block-id=\"37f4d09\"><a class=\"stk-link stk-button stk--hover-effect-darken\" href=\"\"><span class=\"stk--svg-wrapper\"><div class=\"stk--inner-svg\"><svg xmlns=\"http:\/\/www.w3.org\/2000\/svg\" viewBox=\"0 0 448 512\" aria-hidden=\"true\" width=\"32\" height=\"32\"><path d=\"M384 32c35.3 0 64 28.7 64 64V416c0 35.3-28.7 64-64 64H64c-35.3 0-64-28.7-64-64V96C0 60.7 28.7 32 64 32H384zm-90.7 96.7c-9.7-2.6-19.9 2.3-23.7 11.6l-20 48c-3.4 8.2-1 17.6 5.8 23.2L280 231.7c-16.6 35.2-45.1 63.7-80.3 80.3l-20.2-24.7c-5.6-6.8-15-9.2-23.2-5.8l-48 20c-9.3 3.9-14.2 14-11.6 23.7l12 44C111.1 378 119 384 128 384c123.7 0 224-100.3 224-224c0-9-6-16.9-14.7-19.3l-44-12z\"><\/path><\/svg><\/div><\/span><\/a><\/div>\n\n\n\n<div class=\"wp-block-stackable-icon-button stk-block-icon-button stk-block stk-5888d9b\" data-block-id=\"5888d9b\"><a class=\"stk-link stk-button stk--hover-effect-darken\" href=\"info@anemonmuhendislik.com\"><span class=\"stk--svg-wrapper\"><div class=\"stk--inner-svg\"><svg xmlns=\"http:\/\/www.w3.org\/2000\/svg\" viewBox=\"0 0 512 512\" aria-hidden=\"true\" width=\"32\" height=\"32\"><path d=\"M48 64C21.5 64 0 85.5 0 112c0 15.1 7.1 29.3 19.2 38.4L236.8 313.6c11.4 8.5 27 8.5 38.4 0L492.8 150.4c12.1-9.1 19.2-23.3 19.2-38.4c0-26.5-21.5-48-48-48H48zM0 176V384c0 35.3 28.7 64 64 64H448c35.3 0 64-28.7 64-64V176L294.4 339.2c-22.8 17.1-54 17.1-76.8 0L0 176z\"><\/path><\/svg><\/div><\/span><\/a><\/div>\n<\/div><\/div>\n","protected":false},"excerpt":{"rendered":"<p>Your Homologation Solution Partner Let&#8217;s conduct the approval processes of vehicles and their components together according to National, United Nations, and European Union regulations. Get to know your Homologation Solution Partner closely. More Info Meet 25+ Years of Experience Anemon Engineering offers solutions with its expert team possessing over 25 years of experience in its [&hellip;]<\/p>\n","protected":false},"author":1,"featured_media":7741,"parent":0,"menu_order":0,"comment_status":"closed","ping_status":"closed","template":"","meta":{"_uag_custom_page_level_css":"","footnotes":""},"class_list":["post-7890","page","type-page","status-publish","has-post-thumbnail","hentry"],"blocksy_meta":[],"uagb_featured_image_src":{"full":["https:\/\/anemonmuhendislik.com\/wp-content\/uploads\/2024\/02\/AnemonHeaderLogo512-800.png",1024,300,false],"thumbnail":["https:\/\/anemonmuhendislik.com\/wp-content\/uploads\/2024\/02\/AnemonHeaderLogo512-800-150x150.png",150,150,true],"medium":["https:\/\/anemonmuhendislik.com\/wp-content\/uploads\/2024\/02\/AnemonHeaderLogo512-800-300x88.png",300,88,true],"medium_large":["https:\/\/anemonmuhendislik.com\/wp-content\/uploads\/2024\/02\/AnemonHeaderLogo512-800-768x225.png",768,225,true],"large":["https:\/\/anemonmuhendislik.com\/wp-content\/uploads\/2024\/02\/AnemonHeaderLogo512-800.png",1024,300,false],"1536x1536":["https:\/\/anemonmuhendislik.com\/wp-content\/uploads\/2024\/02\/AnemonHeaderLogo512-800.png",1024,300,false],"2048x2048":["https:\/\/anemonmuhendislik.com\/wp-content\/uploads\/2024\/02\/AnemonHeaderLogo512-800.png",1024,300,false]},"uagb_author_info":{"display_name":"Homologasyon Uzman\u0131","author_link":"https:\/\/anemonmuhendislik.com\/en\/author\/user\/"},"uagb_comment_info":0,"uagb_excerpt":"Your Homologation Solution Partner Let&#8217;s conduct the approval processes of vehicles and their components together according to National, United Nations, and European Union regulations. Get to know your Homologation Solution Partner closely. More Info Meet 25+ Years of Experience Anemon Engineering offers solutions with its expert team possessing over 25 years of experience in its&hellip;","jetpack-related-posts":[{"id":6637,"url":"https:\/\/anemonmuhendislik.com\/homologasyon-hizmetlerimiz\/arac-proje\/","url_meta":{"origin":7890,"position":0},"title":"M\u00fcnferit Ara\u00e7 Proje","author":"Homologasyon Uzman\u0131","date":"01\/02\/2020","format":false,"excerpt":"M\u00fcnferit (TSE) Ara\u00e7 Proje A\u0130TM Y\u00f6netmeli\u011fi kapsam\u0131nda izin verilen tadilatlara y\u00f6nelik M\u00fcnferit Proje hizmetleri sunmaktay\u0131z. Daha Fazla Bilgi","rel":"","context":"Similar post","block_context":{"text":"Similar post","link":""},"img":{"alt_text":"","src":"","width":0,"height":0},"classes":[]},{"id":6639,"url":"https:\/\/anemonmuhendislik.com\/homologasyon-hizmetlerimiz\/muhendislik-ve-danismanlik\/","url_meta":{"origin":7890,"position":1},"title":"M\u00fchendislik ve Dan\u0131\u015fmanl\u0131k","author":"Homologasyon Uzman\u0131","date":"01\/02\/2020","format":false,"excerpt":"M\u00fchendislik & Dan\u0131\u015fmanl\u0131k Ara\u00e7 tip onay belgelendirme s\u00fcre\u00e7lerinde uzman kadromuzla hizmet vermekteyiz. M\u00fc\u015fteri memnuniyeti odakl\u0131 proje y\u00f6netim s\u00fcre\u00e7lerimizle tan\u0131\u015f\u0131n. Daha Fazla Bilgi","rel":"","context":"Similar post","block_context":{"text":"Similar post","link":""},"img":{"alt_text":"","src":"","width":0,"height":0},"classes":[]},{"id":8314,"url":"https:\/\/anemonmuhendislik.com\/en\/homologation-solutions\/individual-vehicle-project\/","url_meta":{"origin":7890,"position":2},"title":"Individual Vehicle Project","author":"Homologasyon Uzman\u0131","date":"01\/02\/2020","format":false,"excerpt":"Individual (TSE) Vehicle Project We provide Individual Project services for modifications permitted under the AITM Regulation. More Information","rel":"","context":"Similar post","block_context":{"text":"Similar post","link":""},"img":{"alt_text":"","src":"","width":0,"height":0},"classes":[]},{"id":6633,"url":"https:\/\/anemonmuhendislik.com\/homologasyon-hizmetlerimiz\/seri-imalat-tip-onayi\/","url_meta":{"origin":7890,"position":3},"title":"Seri \u0130malat Tip Onay\u0131","author":"Homologasyon Uzman\u0131","date":"01\/02\/2020","format":false,"excerpt":"Seri \u0130malat Tip Onay Belgesi Ulusal veya Avrupa Birli\u011fi y\u00f6netmeliklerine g\u00f6re d\u00fczenlenen tip onay belgeleri i\u00e7in h\u0131zl\u0131 ve geni\u015f kapsaml\u0131 belgelendirme ger\u00e7ekle\u015ftiriyoruz. Daha Fazla Bilgi","rel":"","context":"Similar post","block_context":{"text":"Similar post","link":""},"img":{"alt_text":"","src":"","width":0,"height":0},"classes":[]},{"id":8306,"url":"https:\/\/anemonmuhendislik.com\/en\/homologation-solutions\/type-approval-for-series-production\/","url_meta":{"origin":7890,"position":4},"title":"Type Approval for Series Production","author":"Homologasyon Uzman\u0131","date":"01\/02\/2020","format":false,"excerpt":"Series Production Type Approval Certificate We provide fast and comprehensive certification for type approval certificates in accordance with national or European Union regulations. More Information","rel":"","context":"Similar post","block_context":{"text":"Similar post","link":""},"img":{"alt_text":"","src":"","width":0,"height":0},"classes":[]},{"id":8316,"url":"https:\/\/anemonmuhendislik.com\/en\/homologation-solutions\/engineering-and-consulting\/","url_meta":{"origin":7890,"position":5},"title":"Engineering and Consulting","author":"Homologasyon Uzman\u0131","date":"01\/02\/2020","format":false,"excerpt":"Engineering Consulting We provide services with our expert team in vehicle type approval certification processes. Discover our customer satisfaction-focused project management processes. More Information","rel":"","context":"Similar post","block_context":{"text":"Similar post","link":""},"img":{"alt_text":"","src":"","width":0,"height":0},"classes":[]}],"_links":{"self":[{"href":"https:\/\/anemonmuhendislik.com\/en\/wp-json\/wp\/v2\/pages\/7890","targetHints":{"allow":["GET"]}}],"collection":[{"href":"https:\/\/anemonmuhendislik.com\/en\/wp-json\/wp\/v2\/pages"}],"about":[{"href":"https:\/\/anemonmuhendislik.com\/en\/wp-json\/wp\/v2\/types\/page"}],"author":[{"embeddable":true,"href":"https:\/\/anemonmuhendislik.com\/en\/wp-json\/wp\/v2\/users\/1"}],"replies":[{"embeddable":true,"href":"https:\/\/anemonmuhendislik.com\/en\/wp-json\/wp\/v2\/comments?post=7890"}],"version-history":[{"count":1,"href":"https:\/\/anemonmuhendislik.com\/en\/wp-json\/wp\/v2\/pages\/7890\/revisions"}],"predecessor-version":[{"id":7892,"href":"https:\/\/anemonmuhendislik.com\/en\/wp-json\/wp\/v2\/pages\/7890\/revisions\/7892"}],"wp:featuredmedia":[{"embeddable":true,"href":"https:\/\/anemonmuhendislik.com\/en\/wp-json\/wp\/v2\/media\/7741"}],"wp:attachment":[{"href":"https:\/\/anemonmuhendislik.com\/en\/wp-json\/wp\/v2\/media?parent=7890"}],"curies":[{"name":"wp","href":"https:\/\/api.w.org\/{rel}","templated":true}]}}