{"id":8290,"date":"2020-02-01T18:46:19","date_gmt":"2020-02-01T15:46:19","guid":{"rendered":"https:\/\/anemonmuhendislik.com\/contact-us-for-the-type-approval-certificate\/"},"modified":"2025-09-15T22:35:11","modified_gmt":"2025-09-15T19:35:11","slug":"contact-us-for-the-type-approval-certificate","status":"publish","type":"page","link":"https:\/\/anemonmuhendislik.com\/en\/contact-us-for-the-type-approval-certificate\/","title":{"rendered":"Contact Us for the Type Approval Certificate"},"content":{"rendered":"\n<div class=\"wp-block-stackable-call-to-action stk-block-call-to-action stk-block stk-7b445f1 stk-block-background is-style-default stk--has-background-overlay\" data-v=\"2\" data-block-id=\"7b445f1\"><style>.stk-7b445f1{background-color:linear-gradient(-225deg,#E3FDF5 0%,#FFE6FA 100%) !important;overflow:hidden !important}.stk-7b445f1:before{background-image:linear-gradient(-225deg,#E3FDF5 0%,#FFE6FA 100%) !important}.stk-7b445f1-container{background-color:#ffffff !important;border-top-left-radius:21px !important;border-top-right-radius:21px !important;border-bottom-right-radius:21px !important;border-bottom-left-radius:21px !important;overflow:hidden !important;border-style:solid !important;border-color:#e2e2e2 !important;border-top-width:1px !important;border-right-width:1px !important;border-bottom-width:1px !important;border-left-width:1px !important}.stk-7b445f1-container:before{background-color:#ffffff !important}.stk-7b445f1 .stk-block-call-to-action__content{padding-top:56px !important;padding-bottom:56px !important}<\/style><div class=\"stk-block-call-to-action__content stk-content-align stk-7b445f1-column stk-container stk-7b445f1-container stk-hover-parent\"><div class=\"has-text-align-center stk-block-content stk-inner-blocks stk-7b445f1-inner-blocks\">\n<div class=\"wp-block-stackable-heading stk-block-heading stk-block-heading--v2 stk-block stk-705f610\" id=\"span-style-color-ffffff-class-stk-highlight-donusume-simdi-baslayin-span\" data-block-id=\"705f610\"><style>.stk-705f610{border-top-left-radius:32px !important;border-top-right-radius:32px !important;border-bottom-right-radius:32px !important;border-bottom-left-radius:32px !important;overflow:hidden !important;max-width:648px !important;margin-right:auto !important;margin-left:auto !important}.stk-705f610 .stk-block-heading__text{background-image:linear-gradient(110deg,var(--stk-global-color-1163,#6ceaea) 0%,var(--stk-global-color-70676,#bc4eff) 100%) !important}@media screen and (max-width:689px){.stk-705f610 .stk-block-heading__text{font-size:24px !important;line-height:1.4em !important}}<\/style><h1 class=\"stk-block-heading__text stk--is-gradient has-text-color has-stk-global-color-1163-color\"><span style=\"color: #ffffff\" class=\"stk-highlight\">Start the Transformation Now!<\/span><\/h1><\/div>\n\n\n\n<div class=\"wp-block-stackable-text stk-block-text stk-block stk-a6d0032\" data-block-id=\"a6d0032\"><style>.stk-a6d0032{max-width:593px !important;margin-right:auto !important;margin-left:auto !important}.stk-a6d0032 .stk-block-text__text{font-size:15px !important}@media screen and (max-width:999px){.stk-a6d0032 .stk-block-text__text{font-size:15px !important}}<\/style><p class=\"stk-block-text__text has-text-align-center\"><span class=\"stk-highlight\">With our Homologation and Type Approval Certificate services, we aim to provide you with the most suitable solution in Ankara and collaborate on sustainable certification processes.<\/span><\/p><\/div>\n\n\n\n<p>Mehmet Akif Ersoy, 350. Street, No:3\/24 Proofis, D:B Block 4. Floor, Yenimahalle\/Ankara<\/p>\n\n\n\n<p>Email: info@anemonmuhendislik.com \/ serhat.anemon@gmail.com<\/p>\n\n\n\n<p>+90 312 386 26 00<\/p>\n\n\n\n<p>+90 505 531 77 88<\/p>\n\n\n\n<p>Weekdays: 09:00 \u2013 18:00<\/p>\n<\/div><\/div><\/div>\n\n<h2 class=\"wp-block-heading has-text-align-center\">CONTACT FORM<\/h2>\n<div class=\"wpforms-container wpforms-container-full wpforms-block wpforms-block-75771f3a-d8b6-47cb-b05b-b74ed8138526 wpforms-render-modern\" id=\"wpforms-7294\"><form id=\"wpforms-form-7294\" class=\"wpforms-validate wpforms-form wpforms-ajax-form\" data-formid=\"7294\" method=\"post\" enctype=\"multipart\/form-data\" action=\"\/en\/wp-json\/wp\/v2\/pages\/8290\" data-token=\"3e55fc5ed90f918dde24ea0c57c7b037\" data-token-time=\"1777674431\"><noscript class=\"wpforms-error-noscript\">Please enable JavaScript in your browser to complete this form.<\/noscript><div id=\"wpforms-error-noscript\" style=\"display: none;\">Please enable JavaScript in your browser to complete this form.<\/div><div class=\"wpforms-field-container\"><div id=\"wpforms-7294-field_0-container\" class=\"wpforms-field wpforms-field-name\" data-field-id=\"0\"><fieldset><legend class=\"wpforms-field-label\">Ad\u0131 Soyad\u0131 <span class=\"wpforms-required-label\" aria-hidden=\"true\">*<\/span><\/legend><div class=\"wpforms-field-row wpforms-field-medium\"><div class=\"wpforms-field-row-block wpforms-first wpforms-one-half\"><input type=\"text\" id=\"wpforms-7294-field_0\" class=\"wpforms-field-name-first wpforms-field-required\" name=\"wpforms[fields][0][first]\" aria-errormessage=\"wpforms-7294-field_0-error\" aria-describedby=\"wpforms-7294-field_0-description\" required><label for=\"wpforms-7294-field_0\" class=\"wpforms-field-sublabel after\">First<\/label><\/div><div class=\"wpforms-field-row-block wpforms-one-half\"><input type=\"text\" id=\"wpforms-7294-field_0-last\" class=\"wpforms-field-name-last wpforms-field-required\" name=\"wpforms[fields][0][last]\" aria-errormessage=\"wpforms-7294-field_0-last-error\" aria-describedby=\"wpforms-7294-field_0-description\" required><label for=\"wpforms-7294-field_0-last\" class=\"wpforms-field-sublabel after\">Last<\/label><\/div><\/div><div id=\"wpforms-7294-field_0-description\" class=\"wpforms-field-description\">Size hitap edebilmek i\u00e7in isminizi bizimle payla\u015fabilir misiniz?<\/div><\/fieldset><\/div><div id=\"wpforms-7294-field_1-container\" class=\"wpforms-field wpforms-field-email\" data-field-id=\"1\"><label class=\"wpforms-field-label\" for=\"wpforms-7294-field_1\">E-posta <span class=\"wpforms-required-label\" aria-hidden=\"true\">*<\/span><\/label><input type=\"email\" id=\"wpforms-7294-field_1\" class=\"wpforms-field-medium wpforms-field-required\" name=\"wpforms[fields][1]\" spellcheck=\"false\" aria-errormessage=\"wpforms-7294-field_1-error\" aria-describedby=\"wpforms-7294-field_1-description\" required><div id=\"wpforms-7294-field_1-description\" class=\"wpforms-field-description\">\u0130leti\u015fime ge\u00e7ebilece\u011fimiz bir e-posta bilgisi payla\u015f\u0131n.<\/div><\/div><div id=\"wpforms-7294-field_3-container\" class=\"wpforms-field wpforms-field-number\" data-field-id=\"3\"><label class=\"wpforms-field-label\" for=\"wpforms-7294-field_3\">Telefon Numaras\u0131 <span class=\"wpforms-required-label\" aria-hidden=\"true\">*<\/span><\/label><input type=\"number\" id=\"wpforms-7294-field_3\" class=\"wpforms-field-medium wpforms-field-required\" name=\"wpforms[fields][3]\" step=\"any\" aria-errormessage=\"wpforms-7294-field_3-error\" aria-describedby=\"wpforms-7294-field_3-description\" required><div id=\"wpforms-7294-field_3-description\" class=\"wpforms-field-description\">Size ula\u015fabilece\u011fimiz telefon numaran\u0131z\u0131 giriniz.<\/div><\/div><div id=\"wpforms-7294-field_4-container\" class=\"wpforms-field wpforms-field-text\" data-field-id=\"4\"><label class=\"wpforms-field-label\" for=\"wpforms-7294-field_4\">\u015eirket (Varsa)<\/label><input type=\"text\" id=\"wpforms-7294-field_4\" class=\"wpforms-field-medium\" name=\"wpforms[fields][4]\" aria-errormessage=\"wpforms-7294-field_4-error\" aria-describedby=\"wpforms-7294-field_4-description\" ><div id=\"wpforms-7294-field_4-description\" class=\"wpforms-field-description\">\u0130\u015flemlerinizi daha pratik yapabilmek ad\u0131na \u015firket bilginiz varsa payla\u015fman\u0131z\u0131 isteriz.<\/div><\/div><div id=\"wpforms-7294-field_2-container\" class=\"wpforms-field wpforms-field-textarea\" data-field-id=\"2\"><label class=\"wpforms-field-label\" for=\"wpforms-7294-field_2\">Yorum veya Mesaj<\/label><textarea id=\"wpforms-7294-field_2\" class=\"wpforms-field-medium\" name=\"wpforms[fields][2]\" aria-errormessage=\"wpforms-7294-field_2-error\" ><\/textarea><\/div><\/div><!-- .wpforms-field-container --><div class=\"wpforms-recaptcha-container wpforms-is-recaptcha wpforms-is-recaptcha-type-v3\" ><input type=\"hidden\" name=\"wpforms[recaptcha]\" value=\"\"><\/div><div class=\"wpforms-submit-container\" ><input type=\"hidden\" name=\"wpforms[id]\" value=\"7294\"><input type=\"hidden\" name=\"page_title\" value=\"\"><input type=\"hidden\" name=\"page_url\" value=\"https:\/\/anemonmuhendislik.com\/en\/wp-json\/wp\/v2\/pages\/8290\"><input type=\"hidden\" name=\"url_referer\" value=\"\"><button type=\"submit\" name=\"wpforms[submit]\" id=\"wpforms-submit-7294\" class=\"wpforms-submit\" data-alt-text=\"G\u00f6nderiliyor...\" data-submit-text=\"G\u00f6nder\" aria-live=\"assertive\" value=\"wpforms-submit\">G\u00f6nder<\/button><img decoding=\"async\" src=\"https:\/\/anemonmuhendislik.com\/wp-content\/plugins\/wpforms\/assets\/images\/submit-spin.svg\" class=\"wpforms-submit-spinner\" style=\"display: none;\" width=\"26\" height=\"26\" alt=\"Loading\"><\/div><\/form><\/div>  <!-- .wpforms-container -->\n<iframe src=\"https:\/\/www.google.com\/maps\/embed?pb=!1m18!1m12!1m3!1d23398.586825522423!2d32.756116447477474!3d39.96717773829523!2m3!1f0!2f0!3f0!3m2!1i1024!2i768!4f13.1!3m3!1m2!1s0x14d349e9e453175f%3A0xa31b1264b5a5248e!2zQW5lbW9uIE3DvGhlbmRpc2xpayB2ZSBEYW7EscWfbWFubMSxaw!5e0!3m2!1str!2str!4v1725637301480!5m2!1str!2str\" width=\"1290\" height=\"450\" style=\"border:0;\" allowfullscreen=\"\" loading=\"lazy\" referrerpolicy=\"no-referrer-when-downgrade\"><\/iframe>\n","protected":false},"excerpt":{"rendered":"<p>With our Homologation and Type Approval Certificate services, we aim to provide you with the most suitable solution in Ankara and collaborate on sustainable certification processes.<\/p>\n","protected":false},"author":1,"featured_media":7785,"parent":0,"menu_order":0,"comment_status":"closed","ping_status":"closed","template":"","meta":{"_uag_custom_page_level_css":"","footnotes":""},"class_list":["post-8290","page","type-page","status-publish","has-post-thumbnail","hentry"],"blocksy_meta":{"disable_featured_image":"yes","disable_share_box":"yes","disable_header":"no","styles_descriptor":{"styles":{"desktop":"","tablet":"","mobile":""},"google_fonts":[],"version":6},"page_structure_type":"type-4"},"uagb_featured_image_src":{"full":["https:\/\/anemonmuhendislik.com\/wp-content\/uploads\/2024\/04\/Anemon-Muhendislik-Tip-Onay-Belgesi-Homologasyon-Arac-Proje-Homologasyon-Cozum-Ortaginiz.png",1024,300,false],"thumbnail":["https:\/\/anemonmuhendislik.com\/wp-content\/uploads\/2024\/04\/Anemon-Muhendislik-Tip-Onay-Belgesi-Homologasyon-Arac-Proje-Homologasyon-Cozum-Ortaginiz-150x150.png",150,150,true],"medium":["https:\/\/anemonmuhendislik.com\/wp-content\/uploads\/2024\/04\/Anemon-Muhendislik-Tip-Onay-Belgesi-Homologasyon-Arac-Proje-Homologasyon-Cozum-Ortaginiz-300x88.png",300,88,true],"medium_large":["https:\/\/anemonmuhendislik.com\/wp-content\/uploads\/2024\/04\/Anemon-Muhendislik-Tip-Onay-Belgesi-Homologasyon-Arac-Proje-Homologasyon-Cozum-Ortaginiz-768x225.png",768,225,true],"large":["https:\/\/anemonmuhendislik.com\/wp-content\/uploads\/2024\/04\/Anemon-Muhendislik-Tip-Onay-Belgesi-Homologasyon-Arac-Proje-Homologasyon-Cozum-Ortaginiz.png",1024,300,false],"1536x1536":["https:\/\/anemonmuhendislik.com\/wp-content\/uploads\/2024\/04\/Anemon-Muhendislik-Tip-Onay-Belgesi-Homologasyon-Arac-Proje-Homologasyon-Cozum-Ortaginiz.png",1024,300,false],"2048x2048":["https:\/\/anemonmuhendislik.com\/wp-content\/uploads\/2024\/04\/Anemon-Muhendislik-Tip-Onay-Belgesi-Homologasyon-Arac-Proje-Homologasyon-Cozum-Ortaginiz.png",1024,300,false]},"uagb_author_info":{"display_name":"Homologasyon Uzman\u0131","author_link":"https:\/\/anemonmuhendislik.com\/en\/author\/user\/"},"uagb_comment_info":0,"uagb_excerpt":"With our Homologation and Type Approval Certificate services, we aim to provide you with the most suitable solution in Ankara and collaborate on sustainable certification processes.","jetpack-related-posts":[{"id":8302,"url":"https:\/\/anemonmuhendislik.com\/en\/caravan-type-approval-certificate\/","url_meta":{"origin":8290,"position":0},"title":"Caravan Type Approval Certificate","author":"Homologasyon Uzman\u0131","date":"12\/09\/2021","format":false,"excerpt":"Whether it's a motorhome or a trailer caravan! We develop joint solutions with you in your certification and project processes.","rel":"","context":"Similar post","block_context":{"text":"Similar post","link":""},"img":{"alt_text":"O1 Certificate, O2 Certificate, Caravan Type Approval Certificate, Caravan O1 Certificate, Caravan Certificate, Caravan Project","src":"https:\/\/i0.wp.com\/anemonmuhendislik.com\/wp-content\/uploads\/2024\/01\/image_2024-02-24_104254404.jpg?resize=350%2C200&ssl=1","width":350,"height":200,"srcset":"https:\/\/i0.wp.com\/anemonmuhendislik.com\/wp-content\/uploads\/2024\/01\/image_2024-02-24_104254404.jpg?resize=350%2C200&ssl=1 1x, https:\/\/i0.wp.com\/anemonmuhendislik.com\/wp-content\/uploads\/2024\/01\/image_2024-02-24_104254404.jpg?resize=525%2C300&ssl=1 1.5x, https:\/\/i0.wp.com\/anemonmuhendislik.com\/wp-content\/uploads\/2024\/01\/image_2024-02-24_104254404.jpg?resize=700%2C400&ssl=1 2x, https:\/\/i0.wp.com\/anemonmuhendislik.com\/wp-content\/uploads\/2024\/01\/image_2024-02-24_104254404.jpg?resize=1050%2C600&ssl=1 3x, https:\/\/i0.wp.com\/anemonmuhendislik.com\/wp-content\/uploads\/2024\/01\/image_2024-02-24_104254404.jpg?resize=1400%2C800&ssl=1 4x"},"classes":[]},{"id":8295,"url":"https:\/\/anemonmuhendislik.com\/en\/agricultural-trailer-type-approval-certificate\/","url_meta":{"origin":8290,"position":1},"title":"Agricultural Trailer Type Approval Certificate","author":"Homologasyon Uzman\u0131","date":"12\/09\/2021","format":false,"excerpt":"We provide comprehensive services for all type approval processes related to category T tractors, category R agricultural trailers, and category S agricultural implements.","rel":"","context":"Similar post","block_context":{"text":"Similar post","link":""},"img":{"alt_text":"","src":"","width":0,"height":0},"classes":[]},{"id":8305,"url":"https:\/\/anemonmuhendislik.com\/en\/chassis-number-generation-9th-digit-check-digit-calculation-2021-535-annex-ii\/","url_meta":{"origin":8290,"position":2},"title":"Chassis Number Generation &#8211; 9th Digit Check Digit Calculation &#8211; 2021\/535 Annex II","author":"Homologasyon Uzman\u0131","date":"02\/02\/2024","format":false,"excerpt":"The most important point in vehicle production is the chassis number. One of the chassis number generation stages is the 9th digit check digit calculation. We provide you with a free calculation tool for this purpose.","rel":"","context":"Similar post","block_context":{"text":"Similar post","link":""},"img":{"alt_text":"EU 2021\/535 Regulation","src":"https:\/\/i0.wp.com\/anemonmuhendislik.com\/wp-content\/uploads\/2022\/09\/image_2024-02-24_172702663.jpg?resize=350%2C200&ssl=1","width":350,"height":200,"srcset":"https:\/\/i0.wp.com\/anemonmuhendislik.com\/wp-content\/uploads\/2022\/09\/image_2024-02-24_172702663.jpg?resize=350%2C200&ssl=1 1x, https:\/\/i0.wp.com\/anemonmuhendislik.com\/wp-content\/uploads\/2022\/09\/image_2024-02-24_172702663.jpg?resize=525%2C300&ssl=1 1.5x, https:\/\/i0.wp.com\/anemonmuhendislik.com\/wp-content\/uploads\/2022\/09\/image_2024-02-24_172702663.jpg?resize=700%2C400&ssl=1 2x, https:\/\/i0.wp.com\/anemonmuhendislik.com\/wp-content\/uploads\/2022\/09\/image_2024-02-24_172702663.jpg?resize=1050%2C600&ssl=1 3x, https:\/\/i0.wp.com\/anemonmuhendislik.com\/wp-content\/uploads\/2022\/09\/image_2024-02-24_172702663.jpg?resize=1400%2C800&ssl=1 4x"},"classes":[]},{"id":8297,"url":"https:\/\/anemonmuhendislik.com\/en\/caravan-type-approval-certificate-o1-o2-online-application\/","url_meta":{"origin":8290,"position":3},"title":"Caravan Type Approval Certificate (O1-O2) Online Application","author":"Homologasyon Uzman\u0131","date":"12\/10\/2021","format":false,"excerpt":"Apply for the caravan type approval certificate now and consider our special offers for you.","rel":"","context":"Similar post","block_context":{"text":"Similar post","link":""},"img":{"alt_text":"O1 Certificate, O2 Certificate, Caravan Type Approval Certificate, Caravan O1 Certificate, Caravan Certificate, Caravan Project","src":"https:\/\/i0.wp.com\/anemonmuhendislik.com\/wp-content\/uploads\/2024\/01\/image_2024-02-24_104254404.jpg?resize=350%2C200&ssl=1","width":350,"height":200,"srcset":"https:\/\/i0.wp.com\/anemonmuhendislik.com\/wp-content\/uploads\/2024\/01\/image_2024-02-24_104254404.jpg?resize=350%2C200&ssl=1 1x, https:\/\/i0.wp.com\/anemonmuhendislik.com\/wp-content\/uploads\/2024\/01\/image_2024-02-24_104254404.jpg?resize=525%2C300&ssl=1 1.5x, https:\/\/i0.wp.com\/anemonmuhendislik.com\/wp-content\/uploads\/2024\/01\/image_2024-02-24_104254404.jpg?resize=700%2C400&ssl=1 2x, https:\/\/i0.wp.com\/anemonmuhendislik.com\/wp-content\/uploads\/2024\/01\/image_2024-02-24_104254404.jpg?resize=1050%2C600&ssl=1 3x, https:\/\/i0.wp.com\/anemonmuhendislik.com\/wp-content\/uploads\/2024\/01\/image_2024-02-24_104254404.jpg?resize=1400%2C800&ssl=1 4x"},"classes":[]},{"id":8309,"url":"https:\/\/anemonmuhendislik.com\/en\/serial-modification-type-approval-certificate\/","url_meta":{"origin":8290,"position":4},"title":"Serial Modification Type Approval Certificate","author":"Homologasyon Uzman\u0131","date":"01\/02\/2020","format":false,"excerpt":"SERIAL MODIFICATION TYPE APPROVAL CERTIFICATE It is the certification process for serial modifications to be performed on vehicles within the scope of the national AITM regulation. Get Detailed Information M2 Category Conversion With our experience in converting N1 and N2 category vehicles to M2 category, we always stand by our\u2026","rel":"","context":"Similar post","block_context":{"text":"Similar post","link":""},"img":{"alt_text":"Motorhome Type Approval Certificate Serial Modification and European Type Approval","src":"https:\/\/i0.wp.com\/anemonmuhendislik.com\/wp-content\/uploads\/2024\/10\/Motorlu-Karavan-Tip-Onay-Belgesi-Seri-Tadilat-ve-Avrupa-Tip-Onayi.jpeg?resize=350%2C200&ssl=1","width":350,"height":200,"srcset":"https:\/\/i0.wp.com\/anemonmuhendislik.com\/wp-content\/uploads\/2024\/10\/Motorlu-Karavan-Tip-Onay-Belgesi-Seri-Tadilat-ve-Avrupa-Tip-Onayi.jpeg?resize=350%2C200&ssl=1 1x, https:\/\/i0.wp.com\/anemonmuhendislik.com\/wp-content\/uploads\/2024\/10\/Motorlu-Karavan-Tip-Onay-Belgesi-Seri-Tadilat-ve-Avrupa-Tip-Onayi.jpeg?resize=525%2C300&ssl=1 1.5x, https:\/\/i0.wp.com\/anemonmuhendislik.com\/wp-content\/uploads\/2024\/10\/Motorlu-Karavan-Tip-Onay-Belgesi-Seri-Tadilat-ve-Avrupa-Tip-Onayi.jpeg?resize=700%2C400&ssl=1 2x"},"classes":[]},{"id":8306,"url":"https:\/\/anemonmuhendislik.com\/en\/homologation-solutions\/type-approval-for-series-production\/","url_meta":{"origin":8290,"position":5},"title":"Type Approval for Series Production","author":"Homologasyon Uzman\u0131","date":"01\/02\/2020","format":false,"excerpt":"Series Production Type Approval Certificate We provide fast and comprehensive certification for type approval certificates in accordance with national or European Union regulations. More Information","rel":"","context":"Similar post","block_context":{"text":"Similar post","link":""},"img":{"alt_text":"","src":"","width":0,"height":0},"classes":[]}],"_links":{"self":[{"href":"https:\/\/anemonmuhendislik.com\/en\/wp-json\/wp\/v2\/pages\/8290","targetHints":{"allow":["GET"]}}],"collection":[{"href":"https:\/\/anemonmuhendislik.com\/en\/wp-json\/wp\/v2\/pages"}],"about":[{"href":"https:\/\/anemonmuhendislik.com\/en\/wp-json\/wp\/v2\/types\/page"}],"author":[{"embeddable":true,"href":"https:\/\/anemonmuhendislik.com\/en\/wp-json\/wp\/v2\/users\/1"}],"replies":[{"embeddable":true,"href":"https:\/\/anemonmuhendislik.com\/en\/wp-json\/wp\/v2\/comments?post=8290"}],"version-history":[{"count":1,"href":"https:\/\/anemonmuhendislik.com\/en\/wp-json\/wp\/v2\/pages\/8290\/revisions"}],"predecessor-version":[{"id":8294,"href":"https:\/\/anemonmuhendislik.com\/en\/wp-json\/wp\/v2\/pages\/8290\/revisions\/8294"}],"wp:featuredmedia":[{"embeddable":true,"href":"https:\/\/anemonmuhendislik.com\/en\/wp-json\/wp\/v2\/media\/7785"}],"wp:attachment":[{"href":"https:\/\/anemonmuhendislik.com\/en\/wp-json\/wp\/v2\/media?parent=8290"}],"curies":[{"name":"wp","href":"https:\/\/api.w.org\/{rel}","templated":true}]}}