{"id":8297,"date":"2021-10-12T18:41:55","date_gmt":"2021-10-12T15:41:55","guid":{"rendered":"https:\/\/anemonmuhendislik.com\/caravan-type-approval-certificate-o1-o2-online-application\/"},"modified":"2025-09-15T22:35:11","modified_gmt":"2025-09-15T19:35:11","slug":"caravan-type-approval-certificate-o1-o2-online-application","status":"publish","type":"page","link":"https:\/\/anemonmuhendislik.com\/en\/caravan-type-approval-certificate-o1-o2-online-application\/","title":{"rendered":"Caravan Type Approval Certificate (O1-O2) Online Application"},"content":{"rendered":"\n<div class=\"wp-block-stackable-call-to-action alignwide stk-block-call-to-action stk-block stk-810290f\" data-v=\"2\" data-block-id=\"810290f\"><style>.stk-810290f-container{border-radius:20px !important;overflow:hidden !important;box-shadow:0 5px 5px 0 rgba(18,63,82,0.035) !important}<\/style><div class=\"stk-block-call-to-action__content stk-content-align stk-810290f-column alignwide stk-container stk-810290f-container stk-hover-parent\"><div class=\"has-text-align-center stk-block-content stk-inner-blocks stk-810290f-inner-blocks\">\n<div class=\"wp-block-stackable-heading stk-block-heading stk-block-heading--v2 stk-block stk-4abe708\" id=\"karavan-tip-onay-belgesi-o-1-o-2-online-basvuru\" data-block-id=\"4abe708\"><style>.stk-4abe708 .stk-block-heading__text{font-size:48px !important;color:#313131 !important;font-weight:bold !important;font-family:\"Inter\",Sans-serif !important}@media screen and (max-width:999px){.stk-4abe708 .stk-block-heading__text{font-size:48px !important}}<\/style><h2 class=\"stk-block-heading__text has-text-color\">Caravan Type Approval Certificate (O1-O2) Online Application<\/h2><\/div>\n\n\n\n<div class=\"wp-block-stackable-text stk-block-text stk-block stk-dedc1e5\" data-block-id=\"dedc1e5\"><p class=\"stk-block-text__text\">You can apply for a certificate for motor caravans and trailer caravans, either for individual or mass production, using the form below. Applications for O1 category type approval certificate, O2 category type approval certificate, and M1 category special purpose caravan type approval certificate are accepted on this page. After your application, our experts will contact you for the next steps of the application process.   <\/p><\/div>\n\n\n\n<div class=\"wp-block-stackable-text stk-block-text stk-block stk-fa5ab97\" data-block-id=\"fa5ab97\"><p class=\"stk-block-text__text\">Before applying, you can review the certification processes outlined in the continuation of the form. Contact us for more information. <\/p><\/div>\n\n\n\n<div class=\"wp-block-stackable-button-group stk-block-button-group stk-block stk-802e178\" data-block-id=\"802e178\"><div class=\"stk-row stk-inner-blocks stk-block-content stk-button-group\">\n<div class=\"wp-block-stackable-button stk-block-button stk-block stk-e140deb\" data-block-id=\"e140deb\"><style>.stk-e140deb .stk-button{padding-right:24px !important;padding-left:24px !important;background:#313131 !important}.stk-e140deb .stk-button__inner-text{font-size:18px !important;font-family:\"Inter\",Sans-serif !important}@media screen and (max-width:999px){.stk-e140deb .stk-button__inner-text{font-size:18px !important}}<\/style><a class=\"stk-link stk-button stk--hover-effect-darken\" href=\"https:\/\/anemonmuhendislik.com\/en\/contact-us-for-the-type-approval-certificate\/\"><span class=\"stk-button__inner-text\">Contact Us<\/span><\/a><\/div>\n<\/div><\/div>\n<\/div><\/div><\/div>\n\n<h2 class=\"wp-block-heading\">Application Form<\/h2>\n<style id=\"wpforms-css-vars-7371\">\n\t\t\t\t#wpforms-7371 {\n\t\t\t\t\n\t\t\t}\n\t\t\t<\/style><div class=\"wpforms-container wpforms-container-full wpforms-render-modern\" id=\"wpforms-7371\"><form id=\"wpforms-form-7371\" class=\"wpforms-validate wpforms-form wpforms-ajax-form\" data-formid=\"7371\" method=\"post\" enctype=\"multipart\/form-data\" action=\"\/en\/wp-json\/wp\/v2\/pages\/8297\" data-token=\"0a25613acbaa999d5b4ec654f3036466\" data-token-time=\"1777674258\"><noscript class=\"wpforms-error-noscript\">Please enable JavaScript in your browser to complete this form.<\/noscript><div id=\"wpforms-error-noscript\" style=\"display: none;\">Please enable JavaScript in your browser to complete this form.<\/div><div class=\"wpforms-field-container\"><div id=\"wpforms-7371-field_1-container\" class=\"wpforms-field wpforms-field-name\" data-field-id=\"1\"><label class=\"wpforms-field-label\" for=\"wpforms-7371-field_1\">\u0130sminiz <span class=\"wpforms-required-label\" aria-hidden=\"true\">*<\/span><\/label><input type=\"text\" id=\"wpforms-7371-field_1\" class=\"wpforms-field-medium wpforms-field-required\" name=\"wpforms[fields][1]\" aria-errormessage=\"wpforms-7371-field_1-error\" aria-describedby=\"wpforms-7371-field_1-description\" required><div id=\"wpforms-7371-field_1-description\" class=\"wpforms-field-description\">Size hitap etmek ad\u0131na bizimle isminizi payla\u015fman\u0131z\u0131 isteriz.<\/div><\/div><div id=\"wpforms-7371-field_2-container\" class=\"wpforms-field wpforms-field-email\" data-field-id=\"2\"><label class=\"wpforms-field-label\" for=\"wpforms-7371-field_2\">E-posta <span class=\"wpforms-required-label\" aria-hidden=\"true\">*<\/span><\/label><input type=\"email\" id=\"wpforms-7371-field_2\" class=\"wpforms-field-medium wpforms-field-required\" name=\"wpforms[fields][2]\" spellcheck=\"false\" aria-errormessage=\"wpforms-7371-field_2-error\" aria-describedby=\"wpforms-7371-field_2-description\" required><div id=\"wpforms-7371-field_2-description\" class=\"wpforms-field-description\">L\u00fctfen ileti\u015fime ge\u00e7ebilece\u011fimiz bir e-posta adresi belirtin.<\/div><\/div><div id=\"wpforms-7371-field_7-container\" class=\"wpforms-field wpforms-field-number\" data-field-id=\"7\"><label class=\"wpforms-field-label\" for=\"wpforms-7371-field_7\">Telefon <span class=\"wpforms-required-label\" aria-hidden=\"true\">*<\/span><\/label><input type=\"number\" id=\"wpforms-7371-field_7\" class=\"wpforms-field-medium wpforms-field-required\" name=\"wpforms[fields][7]\" step=\"any\" aria-errormessage=\"wpforms-7371-field_7-error\" required><\/div><div id=\"wpforms-7371-field_3-container\" class=\"wpforms-field wpforms-field-text\" data-field-id=\"3\"><label class=\"wpforms-field-label\" for=\"wpforms-7371-field_3\">\u015eirket (Varsa)<\/label><input type=\"text\" id=\"wpforms-7371-field_3\" class=\"wpforms-field-medium\" name=\"wpforms[fields][3]\" aria-errormessage=\"wpforms-7371-field_3-error\" aria-describedby=\"wpforms-7371-field_3-description\" ><div id=\"wpforms-7371-field_3-description\" class=\"wpforms-field-description\">\u015eirket bilginizi payla\u015fman\u0131z bizim i\u00e7in s\u00fcre\u00e7leri h\u0131zland\u0131rmaya yard\u0131mc\u0131 olur.<\/div><\/div><div id=\"wpforms-7371-field_4-container\" class=\"wpforms-field wpforms-field-radio\" data-field-id=\"4\"><fieldset><legend class=\"wpforms-field-label\">Karavan T\u00fcr\u00fcn\u00fc Se\u00e7iniz <span class=\"wpforms-required-label\" aria-hidden=\"true\">*<\/span><\/legend><ul id=\"wpforms-7371-field_4\" class=\"wpforms-field-required\"><li class=\"choice-1 depth-1\"><input type=\"radio\" id=\"wpforms-7371-field_4_1\" name=\"wpforms[fields][4]\" value=\"Motorlu. Karavan\" aria-errormessage=\"wpforms-7371-field_4_1-error\" aria-describedby=\"wpforms-7371-field_4-description\" required ><label class=\"wpforms-field-label-inline\" for=\"wpforms-7371-field_4_1\">Motorlu. Karavan<\/label><\/li><li class=\"choice-2 depth-1\"><input type=\"radio\" id=\"wpforms-7371-field_4_2\" name=\"wpforms[fields][4]\" value=\"\u00c7ekme (R\u00f6mork) Karavan\" aria-errormessage=\"wpforms-7371-field_4_2-error\" aria-describedby=\"wpforms-7371-field_4-description\" required ><label class=\"wpforms-field-label-inline\" for=\"wpforms-7371-field_4_2\">\u00c7ekme (R\u00f6mork) Karavan<\/label><\/li><\/ul><div id=\"wpforms-7371-field_4-description\" class=\"wpforms-field-description\">Ba\u015fvuru ve onay s\u00fcre\u00e7leri farkl\u0131l\u0131k g\u00f6stermektedir. <\/div><\/fieldset><\/div><div id=\"wpforms-7371-field_5-container\" class=\"wpforms-field wpforms-field-checkbox\" data-field-id=\"5\"><fieldset><legend class=\"wpforms-field-label\">Seri \u00dcretim veya M\u00fcnferit \u00dcretim <span class=\"wpforms-required-label\" aria-hidden=\"true\">*<\/span><\/legend><ul id=\"wpforms-7371-field_5\" class=\"wpforms-field-required\"><li class=\"choice-9 depth-1\"><input type=\"checkbox\" id=\"wpforms-7371-field_5_9\" name=\"wpforms[fields][5][]\" value=\"Seri \u00dcretim\" aria-errormessage=\"wpforms-7371-field_5_9-error\" required ><label class=\"wpforms-field-label-inline\" for=\"wpforms-7371-field_5_9\">Seri \u00dcretim<\/label><\/li><li class=\"choice-12 depth-1\"><input type=\"checkbox\" id=\"wpforms-7371-field_5_12\" name=\"wpforms[fields][5][]\" value=\"M\u00fcnferit (Bireysel) \u00dcretim\" aria-errormessage=\"wpforms-7371-field_5_12-error\" required ><label class=\"wpforms-field-label-inline\" for=\"wpforms-7371-field_5_12\">M\u00fcnferit (Bireysel) \u00dcretim<\/label><\/li><\/ul><\/fieldset><\/div><div id=\"wpforms-7371-field_6-container\" class=\"wpforms-field wpforms-field-textarea\" data-field-id=\"6\"><label class=\"wpforms-field-label\" for=\"wpforms-7371-field_6\">Ara\u00e7 Detaylar\u0131 <span class=\"wpforms-required-label\" aria-hidden=\"true\">*<\/span><\/label><textarea id=\"wpforms-7371-field_6\" class=\"wpforms-field-medium wpforms-field-required\" name=\"wpforms[fields][6]\" aria-errormessage=\"wpforms-7371-field_6-error\" aria-describedby=\"wpforms-7371-field_6-description\" required><\/textarea><div id=\"wpforms-7371-field_6-description\" class=\"wpforms-field-description\">Araca ili\u015fkin \u00f6l\u00e7\u00fcler, a\u011f\u0131rl\u0131klar, \u00fcst yap\u0131 gibi temel bilgileri iletin. <\/div><\/div><\/div><!-- .wpforms-field-container --><div class=\"wpforms-recaptcha-container wpforms-is-recaptcha wpforms-is-recaptcha-type-v3\" ><input type=\"hidden\" name=\"wpforms[recaptcha]\" value=\"\"><\/div><div class=\"wpforms-submit-container\" ><input type=\"hidden\" name=\"wpforms[id]\" value=\"7371\"><input type=\"hidden\" name=\"page_title\" value=\"\"><input type=\"hidden\" name=\"page_url\" value=\"https:\/\/anemonmuhendislik.com\/en\/wp-json\/wp\/v2\/pages\/8297\"><input type=\"hidden\" name=\"url_referer\" value=\"\"><button type=\"submit\" name=\"wpforms[submit]\" id=\"wpforms-submit-7371\" class=\"wpforms-submit\" data-alt-text=\"G\u00f6nderiliyor...\" data-submit-text=\"G\u00f6nder\" aria-live=\"assertive\" value=\"wpforms-submit\">G\u00f6nder<\/button><img decoding=\"async\" src=\"https:\/\/anemonmuhendislik.com\/wp-content\/plugins\/wpforms\/assets\/images\/submit-spin.svg\" class=\"wpforms-submit-spinner\" style=\"display: none;\" width=\"26\" height=\"26\" alt=\"Loading\"><\/div><\/form><\/div>  <!-- .wpforms-container -->\n\n<figure class=\"wp-block-image size-full\"><a href=\"https:\/\/anemonmuhendislik.com\/karavan-proje-ve-belgelendirmesi-cekme-ve-romork-karavanlar-nasil-tescil-edilir\/\"><img decoding=\"async\" width=\"1920\" height=\"1080\" src=\"https:\/\/anemonmuhendislik.com\/wp-content\/uploads\/2020\/09\/image_2024-02-25_145830276.jpg\" alt=\"Caravan Certification, Caravan Type Approval\" class=\"wp-image-7250\" srcset=\"https:\/\/anemonmuhendislik.com\/wp-content\/uploads\/2020\/09\/image_2024-02-25_145830276.jpg 1920w, https:\/\/anemonmuhendislik.com\/wp-content\/uploads\/2020\/09\/image_2024-02-25_145830276-300x169.jpg 300w, https:\/\/anemonmuhendislik.com\/wp-content\/uploads\/2020\/09\/image_2024-02-25_145830276-1024x576.jpg 1024w, https:\/\/anemonmuhendislik.com\/wp-content\/uploads\/2020\/09\/image_2024-02-25_145830276-768x432.jpg 768w, https:\/\/anemonmuhendislik.com\/wp-content\/uploads\/2020\/09\/image_2024-02-25_145830276-1536x864.jpg 1536w\" sizes=\"(max-width: 1920px) 100vw, 1920px\" \/><\/a><\/figure>\n","protected":false},"excerpt":{"rendered":"<p>Apply for the caravan type approval certificate now and consider our special offers for you.<\/p>\n","protected":false},"author":1,"featured_media":7743,"parent":0,"menu_order":0,"comment_status":"closed","ping_status":"closed","template":"","meta":{"_uag_custom_page_level_css":"","footnotes":""},"class_list":["post-8297","page","type-page","status-publish","has-post-thumbnail","hentry"],"blocksy_meta":[],"uagb_featured_image_src":{"full":["https:\/\/anemonmuhendislik.com\/wp-content\/uploads\/2024\/01\/image_2024-02-24_104254404.jpg",1920,1080,false],"thumbnail":["https:\/\/anemonmuhendislik.com\/wp-content\/uploads\/2024\/01\/image_2024-02-24_104254404-150x150.jpg",150,150,true],"medium":["https:\/\/anemonmuhendislik.com\/wp-content\/uploads\/2024\/01\/image_2024-02-24_104254404-300x169.jpg",300,169,true],"medium_large":["https:\/\/anemonmuhendislik.com\/wp-content\/uploads\/2024\/01\/image_2024-02-24_104254404-768x432.jpg",768,432,true],"large":["https:\/\/anemonmuhendislik.com\/wp-content\/uploads\/2024\/01\/image_2024-02-24_104254404-1024x576.jpg",1024,576,true],"1536x1536":["https:\/\/anemonmuhendislik.com\/wp-content\/uploads\/2024\/01\/image_2024-02-24_104254404-1536x864.jpg",1536,864,true],"2048x2048":["https:\/\/anemonmuhendislik.com\/wp-content\/uploads\/2024\/01\/image_2024-02-24_104254404.jpg",1920,1080,false]},"uagb_author_info":{"display_name":"Homologasyon Uzman\u0131","author_link":"https:\/\/anemonmuhendislik.com\/en\/author\/user\/"},"uagb_comment_info":0,"uagb_excerpt":"Apply for the caravan type approval certificate now and consider our special offers for you.","jetpack-related-posts":[{"id":8302,"url":"https:\/\/anemonmuhendislik.com\/en\/caravan-type-approval-certificate\/","url_meta":{"origin":8297,"position":0},"title":"Caravan Type Approval Certificate","author":"Homologasyon Uzman\u0131","date":"12\/09\/2021","format":false,"excerpt":"Whether it's a motorhome or a trailer caravan! We develop joint solutions with you in your certification and project processes.","rel":"","context":"Similar post","block_context":{"text":"Similar post","link":""},"img":{"alt_text":"O1 Certificate, O2 Certificate, Caravan Type Approval Certificate, Caravan O1 Certificate, Caravan Certificate, Caravan Project","src":"https:\/\/i0.wp.com\/anemonmuhendislik.com\/wp-content\/uploads\/2024\/01\/image_2024-02-24_104254404.jpg?resize=350%2C200&ssl=1","width":350,"height":200,"srcset":"https:\/\/i0.wp.com\/anemonmuhendislik.com\/wp-content\/uploads\/2024\/01\/image_2024-02-24_104254404.jpg?resize=350%2C200&ssl=1 1x, https:\/\/i0.wp.com\/anemonmuhendislik.com\/wp-content\/uploads\/2024\/01\/image_2024-02-24_104254404.jpg?resize=525%2C300&ssl=1 1.5x, https:\/\/i0.wp.com\/anemonmuhendislik.com\/wp-content\/uploads\/2024\/01\/image_2024-02-24_104254404.jpg?resize=700%2C400&ssl=1 2x, https:\/\/i0.wp.com\/anemonmuhendislik.com\/wp-content\/uploads\/2024\/01\/image_2024-02-24_104254404.jpg?resize=1050%2C600&ssl=1 3x, https:\/\/i0.wp.com\/anemonmuhendislik.com\/wp-content\/uploads\/2024\/01\/image_2024-02-24_104254404.jpg?resize=1400%2C800&ssl=1 4x"},"classes":[]},{"id":8295,"url":"https:\/\/anemonmuhendislik.com\/en\/agricultural-trailer-type-approval-certificate\/","url_meta":{"origin":8297,"position":1},"title":"Agricultural Trailer Type Approval Certificate","author":"Homologasyon Uzman\u0131","date":"12\/09\/2021","format":false,"excerpt":"We provide comprehensive services for all type approval processes related to category T tractors, category R agricultural trailers, and category S agricultural implements.","rel":"","context":"Similar post","block_context":{"text":"Similar post","link":""},"img":{"alt_text":"","src":"","width":0,"height":0},"classes":[]},{"id":8305,"url":"https:\/\/anemonmuhendislik.com\/en\/chassis-number-generation-9th-digit-check-digit-calculation-2021-535-annex-ii\/","url_meta":{"origin":8297,"position":2},"title":"Chassis Number Generation &#8211; 9th Digit Check Digit Calculation &#8211; 2021\/535 Annex II","author":"Homologasyon Uzman\u0131","date":"02\/02\/2024","format":false,"excerpt":"The most important point in vehicle production is the chassis number. One of the chassis number generation stages is the 9th digit check digit calculation. We provide you with a free calculation tool for this purpose.","rel":"","context":"Similar post","block_context":{"text":"Similar post","link":""},"img":{"alt_text":"EU 2021\/535 Regulation","src":"https:\/\/i0.wp.com\/anemonmuhendislik.com\/wp-content\/uploads\/2022\/09\/image_2024-02-24_172702663.jpg?resize=350%2C200&ssl=1","width":350,"height":200,"srcset":"https:\/\/i0.wp.com\/anemonmuhendislik.com\/wp-content\/uploads\/2022\/09\/image_2024-02-24_172702663.jpg?resize=350%2C200&ssl=1 1x, https:\/\/i0.wp.com\/anemonmuhendislik.com\/wp-content\/uploads\/2022\/09\/image_2024-02-24_172702663.jpg?resize=525%2C300&ssl=1 1.5x, https:\/\/i0.wp.com\/anemonmuhendislik.com\/wp-content\/uploads\/2022\/09\/image_2024-02-24_172702663.jpg?resize=700%2C400&ssl=1 2x, https:\/\/i0.wp.com\/anemonmuhendislik.com\/wp-content\/uploads\/2022\/09\/image_2024-02-24_172702663.jpg?resize=1050%2C600&ssl=1 3x, https:\/\/i0.wp.com\/anemonmuhendislik.com\/wp-content\/uploads\/2022\/09\/image_2024-02-24_172702663.jpg?resize=1400%2C800&ssl=1 4x"},"classes":[]},{"id":8290,"url":"https:\/\/anemonmuhendislik.com\/en\/contact-us-for-the-type-approval-certificate\/","url_meta":{"origin":8297,"position":3},"title":"Contact Us for the Type Approval Certificate","author":"Homologasyon Uzman\u0131","date":"01\/02\/2020","format":false,"excerpt":"With our Homologation and Type Approval Certificate services, we aim to provide you with the most suitable solution in Ankara and collaborate on sustainable certification processes.","rel":"","context":"Similar post","block_context":{"text":"Similar post","link":""},"img":{"alt_text":"Anemon Engineering, Type Approval Certificate, Homologation, Vehicle Project, Your Homologation Solution Partner","src":"https:\/\/i0.wp.com\/anemonmuhendislik.com\/wp-content\/uploads\/2024\/04\/Anemon-Muhendislik-Tip-Onay-Belgesi-Homologasyon-Arac-Proje-Homologasyon-Cozum-Ortaginiz.png?resize=350%2C200&ssl=1","width":350,"height":200,"srcset":"https:\/\/i0.wp.com\/anemonmuhendislik.com\/wp-content\/uploads\/2024\/04\/Anemon-Muhendislik-Tip-Onay-Belgesi-Homologasyon-Arac-Proje-Homologasyon-Cozum-Ortaginiz.png?resize=350%2C200&ssl=1 1x, https:\/\/i0.wp.com\/anemonmuhendislik.com\/wp-content\/uploads\/2024\/04\/Anemon-Muhendislik-Tip-Onay-Belgesi-Homologasyon-Arac-Proje-Homologasyon-Cozum-Ortaginiz.png?resize=525%2C300&ssl=1 1.5x, https:\/\/i0.wp.com\/anemonmuhendislik.com\/wp-content\/uploads\/2024\/04\/Anemon-Muhendislik-Tip-Onay-Belgesi-Homologasyon-Arac-Proje-Homologasyon-Cozum-Ortaginiz.png?resize=700%2C400&ssl=1 2x"},"classes":[]},{"id":8309,"url":"https:\/\/anemonmuhendislik.com\/en\/serial-modification-type-approval-certificate\/","url_meta":{"origin":8297,"position":4},"title":"Serial Modification Type Approval Certificate","author":"Homologasyon Uzman\u0131","date":"01\/02\/2020","format":false,"excerpt":"SERIAL MODIFICATION TYPE APPROVAL CERTIFICATE It is the certification process for serial modifications to be performed on vehicles within the scope of the national AITM regulation. Get Detailed Information M2 Category Conversion With our experience in converting N1 and N2 category vehicles to M2 category, we always stand by our\u2026","rel":"","context":"Similar post","block_context":{"text":"Similar post","link":""},"img":{"alt_text":"Motorhome Type Approval Certificate Serial Modification and European Type Approval","src":"https:\/\/i0.wp.com\/anemonmuhendislik.com\/wp-content\/uploads\/2024\/10\/Motorlu-Karavan-Tip-Onay-Belgesi-Seri-Tadilat-ve-Avrupa-Tip-Onayi.jpeg?resize=350%2C200&ssl=1","width":350,"height":200,"srcset":"https:\/\/i0.wp.com\/anemonmuhendislik.com\/wp-content\/uploads\/2024\/10\/Motorlu-Karavan-Tip-Onay-Belgesi-Seri-Tadilat-ve-Avrupa-Tip-Onayi.jpeg?resize=350%2C200&ssl=1 1x, https:\/\/i0.wp.com\/anemonmuhendislik.com\/wp-content\/uploads\/2024\/10\/Motorlu-Karavan-Tip-Onay-Belgesi-Seri-Tadilat-ve-Avrupa-Tip-Onayi.jpeg?resize=525%2C300&ssl=1 1.5x, https:\/\/i0.wp.com\/anemonmuhendislik.com\/wp-content\/uploads\/2024\/10\/Motorlu-Karavan-Tip-Onay-Belgesi-Seri-Tadilat-ve-Avrupa-Tip-Onayi.jpeg?resize=700%2C400&ssl=1 2x"},"classes":[]},{"id":8306,"url":"https:\/\/anemonmuhendislik.com\/en\/homologation-solutions\/type-approval-for-series-production\/","url_meta":{"origin":8297,"position":5},"title":"Type Approval for Series Production","author":"Homologasyon Uzman\u0131","date":"01\/02\/2020","format":false,"excerpt":"Series Production Type Approval Certificate We provide fast and comprehensive certification for type approval certificates in accordance with national or European Union regulations. More Information","rel":"","context":"Similar post","block_context":{"text":"Similar post","link":""},"img":{"alt_text":"","src":"","width":0,"height":0},"classes":[]}],"_links":{"self":[{"href":"https:\/\/anemonmuhendislik.com\/en\/wp-json\/wp\/v2\/pages\/8297","targetHints":{"allow":["GET"]}}],"collection":[{"href":"https:\/\/anemonmuhendislik.com\/en\/wp-json\/wp\/v2\/pages"}],"about":[{"href":"https:\/\/anemonmuhendislik.com\/en\/wp-json\/wp\/v2\/types\/page"}],"author":[{"embeddable":true,"href":"https:\/\/anemonmuhendislik.com\/en\/wp-json\/wp\/v2\/users\/1"}],"replies":[{"embeddable":true,"href":"https:\/\/anemonmuhendislik.com\/en\/wp-json\/wp\/v2\/comments?post=8297"}],"version-history":[{"count":1,"href":"https:\/\/anemonmuhendislik.com\/en\/wp-json\/wp\/v2\/pages\/8297\/revisions"}],"predecessor-version":[{"id":8298,"href":"https:\/\/anemonmuhendislik.com\/en\/wp-json\/wp\/v2\/pages\/8297\/revisions\/8298"}],"wp:featuredmedia":[{"embeddable":true,"href":"https:\/\/anemonmuhendislik.com\/en\/wp-json\/wp\/v2\/media\/7743"}],"wp:attachment":[{"href":"https:\/\/anemonmuhendislik.com\/en\/wp-json\/wp\/v2\/media?parent=8297"}],"curies":[{"name":"wp","href":"https:\/\/api.w.org\/{rel}","templated":true}]}}