{"id":8299,"date":"2023-05-08T11:29:54","date_gmt":"2023-05-08T08:29:54","guid":{"rendered":"https:\/\/anemonmuhendislik.com\/type-approval-certificate-processes-for-o1-and-o2-categories\/"},"modified":"2025-09-15T22:35:12","modified_gmt":"2025-09-15T19:35:12","slug":"type-approval-certificate-processes-for-o1-and-o2-categories","status":"publish","type":"page","link":"https:\/\/anemonmuhendislik.com\/en\/type-approval-certificate-processes-for-o1-and-o2-categories\/","title":{"rendered":"Type Approval Certificate Processes for O1 and O2 Categories"},"content":{"rendered":"<p>[av_textblock size=&#8221; av-medium-font-size=&#8221; av-small-font-size=&#8221; av-mini-font-size=&#8221; font_color=&#8221; color=&#8221; id=&#8221; custom_class=&#8221; template_class=&#8221; av_uid=&#8217;av-lherez0u&#8217; sc_version=&#8217;1.0&#8242; admin_preview_bg=&#8221;]<br \/>\n[dflip id=&#8221;7082&#8243; ][\/dflip]<br \/>\n[\/av_textblock]<\/p>\n","protected":false},"excerpt":{"rendered":"<p>Information regarding type approval certificate processes for O1 and O2 categories by Anemon Engineering.<\/p>\n","protected":false},"author":1,"featured_media":0,"parent":0,"menu_order":0,"comment_status":"closed","ping_status":"closed","template":"","meta":{"_uag_custom_page_level_css":"","footnotes":""},"class_list":["post-8299","page","type-page","status-publish","hentry"],"blocksy_meta":[],"uagb_featured_image_src":{"full":false,"thumbnail":false,"medium":false,"medium_large":false,"large":false,"1536x1536":false,"2048x2048":false},"uagb_author_info":{"display_name":"Homologasyon Uzman\u0131","author_link":"https:\/\/anemonmuhendislik.com\/en\/author\/user\/"},"uagb_comment_info":0,"uagb_excerpt":"Information regarding type approval certificate processes for O1 and O2 categories by Anemon Engineering.","jetpack-related-posts":[{"id":8297,"url":"https:\/\/anemonmuhendislik.com\/en\/caravan-type-approval-certificate-o1-o2-online-application\/","url_meta":{"origin":8299,"position":0},"title":"Caravan Type Approval Certificate (O1-O2) Online Application","author":"Homologasyon Uzman\u0131","date":"12\/10\/2021","format":false,"excerpt":"Apply for the caravan type approval certificate now and consider our special offers for you.","rel":"","context":"Similar post","block_context":{"text":"Similar post","link":""},"img":{"alt_text":"O1 Certificate, O2 Certificate, Caravan Type Approval Certificate, Caravan O1 Certificate, Caravan Certificate, Caravan Project","src":"https:\/\/i0.wp.com\/anemonmuhendislik.com\/wp-content\/uploads\/2024\/01\/image_2024-02-24_104254404.jpg?resize=350%2C200&ssl=1","width":350,"height":200,"srcset":"https:\/\/i0.wp.com\/anemonmuhendislik.com\/wp-content\/uploads\/2024\/01\/image_2024-02-24_104254404.jpg?resize=350%2C200&ssl=1 1x, https:\/\/i0.wp.com\/anemonmuhendislik.com\/wp-content\/uploads\/2024\/01\/image_2024-02-24_104254404.jpg?resize=525%2C300&ssl=1 1.5x, https:\/\/i0.wp.com\/anemonmuhendislik.com\/wp-content\/uploads\/2024\/01\/image_2024-02-24_104254404.jpg?resize=700%2C400&ssl=1 2x, https:\/\/i0.wp.com\/anemonmuhendislik.com\/wp-content\/uploads\/2024\/01\/image_2024-02-24_104254404.jpg?resize=1050%2C600&ssl=1 3x, https:\/\/i0.wp.com\/anemonmuhendislik.com\/wp-content\/uploads\/2024\/01\/image_2024-02-24_104254404.jpg?resize=1400%2C800&ssl=1 4x"},"classes":[]},{"id":8302,"url":"https:\/\/anemonmuhendislik.com\/en\/caravan-type-approval-certificate\/","url_meta":{"origin":8299,"position":1},"title":"Caravan Type Approval Certificate","author":"Homologasyon Uzman\u0131","date":"12\/09\/2021","format":false,"excerpt":"Whether it's a motorhome or a trailer caravan! We develop joint solutions with you in your certification and project processes.","rel":"","context":"Similar post","block_context":{"text":"Similar post","link":""},"img":{"alt_text":"O1 Certificate, O2 Certificate, Caravan Type Approval Certificate, Caravan O1 Certificate, Caravan Certificate, Caravan Project","src":"https:\/\/i0.wp.com\/anemonmuhendislik.com\/wp-content\/uploads\/2024\/01\/image_2024-02-24_104254404.jpg?resize=350%2C200&ssl=1","width":350,"height":200,"srcset":"https:\/\/i0.wp.com\/anemonmuhendislik.com\/wp-content\/uploads\/2024\/01\/image_2024-02-24_104254404.jpg?resize=350%2C200&ssl=1 1x, https:\/\/i0.wp.com\/anemonmuhendislik.com\/wp-content\/uploads\/2024\/01\/image_2024-02-24_104254404.jpg?resize=525%2C300&ssl=1 1.5x, https:\/\/i0.wp.com\/anemonmuhendislik.com\/wp-content\/uploads\/2024\/01\/image_2024-02-24_104254404.jpg?resize=700%2C400&ssl=1 2x, https:\/\/i0.wp.com\/anemonmuhendislik.com\/wp-content\/uploads\/2024\/01\/image_2024-02-24_104254404.jpg?resize=1050%2C600&ssl=1 3x, https:\/\/i0.wp.com\/anemonmuhendislik.com\/wp-content\/uploads\/2024\/01\/image_2024-02-24_104254404.jpg?resize=1400%2C800&ssl=1 4x"},"classes":[]},{"id":8305,"url":"https:\/\/anemonmuhendislik.com\/en\/chassis-number-generation-9th-digit-check-digit-calculation-2021-535-annex-ii\/","url_meta":{"origin":8299,"position":2},"title":"Chassis Number Generation &#8211; 9th Digit Check Digit Calculation &#8211; 2021\/535 Annex II","author":"Homologasyon Uzman\u0131","date":"02\/02\/2024","format":false,"excerpt":"The most important point in vehicle production is the chassis number. One of the chassis number generation stages is the 9th digit check digit calculation. We provide you with a free calculation tool for this purpose.","rel":"","context":"Similar post","block_context":{"text":"Similar post","link":""},"img":{"alt_text":"EU 2021\/535 Regulation","src":"https:\/\/i0.wp.com\/anemonmuhendislik.com\/wp-content\/uploads\/2022\/09\/image_2024-02-24_172702663.jpg?resize=350%2C200&ssl=1","width":350,"height":200,"srcset":"https:\/\/i0.wp.com\/anemonmuhendislik.com\/wp-content\/uploads\/2022\/09\/image_2024-02-24_172702663.jpg?resize=350%2C200&ssl=1 1x, https:\/\/i0.wp.com\/anemonmuhendislik.com\/wp-content\/uploads\/2022\/09\/image_2024-02-24_172702663.jpg?resize=525%2C300&ssl=1 1.5x, https:\/\/i0.wp.com\/anemonmuhendislik.com\/wp-content\/uploads\/2022\/09\/image_2024-02-24_172702663.jpg?resize=700%2C400&ssl=1 2x, https:\/\/i0.wp.com\/anemonmuhendislik.com\/wp-content\/uploads\/2022\/09\/image_2024-02-24_172702663.jpg?resize=1050%2C600&ssl=1 3x, https:\/\/i0.wp.com\/anemonmuhendislik.com\/wp-content\/uploads\/2022\/09\/image_2024-02-24_172702663.jpg?resize=1400%2C800&ssl=1 4x"},"classes":[]},{"id":8295,"url":"https:\/\/anemonmuhendislik.com\/en\/agricultural-trailer-type-approval-certificate\/","url_meta":{"origin":8299,"position":3},"title":"Agricultural Trailer Type Approval Certificate","author":"Homologasyon Uzman\u0131","date":"12\/09\/2021","format":false,"excerpt":"We provide comprehensive services for all type approval processes related to category T tractors, category R agricultural trailers, and category S agricultural implements.","rel":"","context":"Similar post","block_context":{"text":"Similar post","link":""},"img":{"alt_text":"","src":"","width":0,"height":0},"classes":[]},{"id":8290,"url":"https:\/\/anemonmuhendislik.com\/en\/contact-us-for-the-type-approval-certificate\/","url_meta":{"origin":8299,"position":4},"title":"Contact Us for the Type Approval Certificate","author":"Homologasyon Uzman\u0131","date":"01\/02\/2020","format":false,"excerpt":"With our Homologation and Type Approval Certificate services, we aim to provide you with the most suitable solution in Ankara and collaborate on sustainable certification processes.","rel":"","context":"Similar post","block_context":{"text":"Similar post","link":""},"img":{"alt_text":"Anemon Engineering, Type Approval Certificate, Homologation, Vehicle Project, Your Homologation Solution Partner","src":"https:\/\/i0.wp.com\/anemonmuhendislik.com\/wp-content\/uploads\/2024\/04\/Anemon-Muhendislik-Tip-Onay-Belgesi-Homologasyon-Arac-Proje-Homologasyon-Cozum-Ortaginiz.png?resize=350%2C200&ssl=1","width":350,"height":200,"srcset":"https:\/\/i0.wp.com\/anemonmuhendislik.com\/wp-content\/uploads\/2024\/04\/Anemon-Muhendislik-Tip-Onay-Belgesi-Homologasyon-Arac-Proje-Homologasyon-Cozum-Ortaginiz.png?resize=350%2C200&ssl=1 1x, https:\/\/i0.wp.com\/anemonmuhendislik.com\/wp-content\/uploads\/2024\/04\/Anemon-Muhendislik-Tip-Onay-Belgesi-Homologasyon-Arac-Proje-Homologasyon-Cozum-Ortaginiz.png?resize=525%2C300&ssl=1 1.5x, https:\/\/i0.wp.com\/anemonmuhendislik.com\/wp-content\/uploads\/2024\/04\/Anemon-Muhendislik-Tip-Onay-Belgesi-Homologasyon-Arac-Proje-Homologasyon-Cozum-Ortaginiz.png?resize=700%2C400&ssl=1 2x"},"classes":[]},{"id":6877,"url":"https:\/\/anemonmuhendislik.com\/karavan-tip-onay-belgesi-2\/","url_meta":{"origin":8299,"position":5},"title":"Karavan Tip Onay Belgesi (O1-O2) Online Ba\u015fvuru","author":"Homologasyon Uzman\u0131","date":"12\/10\/2021","format":false,"excerpt":"Karavan tip onay belgesine \u015fimdi ba\u015fvurun, size \u00f6zel tekliflerimizi de\u011ferlendirin","rel":"","context":"Similar post","block_context":{"text":"Similar post","link":""},"img":{"alt_text":"O1 Belgesi, O2 Belgesi, Karavan Tip Onay Belgesi, Karavan 01 Belgesi, Karavan Belgesi, Karavan Projesi","src":"https:\/\/i0.wp.com\/anemonmuhendislik.com\/wp-content\/uploads\/2024\/01\/image_2024-02-24_104254404.jpg?resize=350%2C200&ssl=1","width":350,"height":200,"srcset":"https:\/\/i0.wp.com\/anemonmuhendislik.com\/wp-content\/uploads\/2024\/01\/image_2024-02-24_104254404.jpg?resize=350%2C200&ssl=1 1x, https:\/\/i0.wp.com\/anemonmuhendislik.com\/wp-content\/uploads\/2024\/01\/image_2024-02-24_104254404.jpg?resize=525%2C300&ssl=1 1.5x, https:\/\/i0.wp.com\/anemonmuhendislik.com\/wp-content\/uploads\/2024\/01\/image_2024-02-24_104254404.jpg?resize=700%2C400&ssl=1 2x, https:\/\/i0.wp.com\/anemonmuhendislik.com\/wp-content\/uploads\/2024\/01\/image_2024-02-24_104254404.jpg?resize=1050%2C600&ssl=1 3x, https:\/\/i0.wp.com\/anemonmuhendislik.com\/wp-content\/uploads\/2024\/01\/image_2024-02-24_104254404.jpg?resize=1400%2C800&ssl=1 4x"},"classes":[]}],"_links":{"self":[{"href":"https:\/\/anemonmuhendislik.com\/en\/wp-json\/wp\/v2\/pages\/8299","targetHints":{"allow":["GET"]}}],"collection":[{"href":"https:\/\/anemonmuhendislik.com\/en\/wp-json\/wp\/v2\/pages"}],"about":[{"href":"https:\/\/anemonmuhendislik.com\/en\/wp-json\/wp\/v2\/types\/page"}],"author":[{"embeddable":true,"href":"https:\/\/anemonmuhendislik.com\/en\/wp-json\/wp\/v2\/users\/1"}],"replies":[{"embeddable":true,"href":"https:\/\/anemonmuhendislik.com\/en\/wp-json\/wp\/v2\/comments?post=8299"}],"version-history":[{"count":1,"href":"https:\/\/anemonmuhendislik.com\/en\/wp-json\/wp\/v2\/pages\/8299\/revisions"}],"predecessor-version":[{"id":8300,"href":"https:\/\/anemonmuhendislik.com\/en\/wp-json\/wp\/v2\/pages\/8299\/revisions\/8300"}],"wp:attachment":[{"href":"https:\/\/anemonmuhendislik.com\/en\/wp-json\/wp\/v2\/media?parent=8299"}],"curies":[{"name":"wp","href":"https:\/\/api.w.org\/{rel}","templated":true}]}}