{"id":8302,"date":"2021-09-12T13:05:51","date_gmt":"2021-09-12T10:05:51","guid":{"rendered":"https:\/\/anemonmuhendislik.com\/caravan-type-approval-certificate\/"},"modified":"2025-09-15T22:35:27","modified_gmt":"2025-09-15T19:35:27","slug":"caravan-type-approval-certificate","status":"publish","type":"page","link":"https:\/\/anemonmuhendislik.com\/en\/caravan-type-approval-certificate\/","title":{"rendered":"Caravan Type Approval Certificate"},"content":{"rendered":"\n<div class=\"wp-block-stackable-call-to-action alignfull stk-block-call-to-action stk-block stk-820ecf8 stk-block-background stk--has-background-overlay\" data-v=\"2\" data-block-id=\"820ecf8\"><style>.stk-820ecf8{background-color:linear-gradient(90deg,#006ba1 0%,#7bdcb5 100%) !important;background-image:url(https:\/\/anemonmuhendislik.com\/wp-content\/uploads\/2021\/12\/pexels-photo-3647675.jpeg) !important;min-height:400px !important;align-items:center !important;display:flex !important}.stk-820ecf8:before{opacity:0.9 !important;background-image:linear-gradient(90deg,#006ba1 0%,#7bdcb5 100%) !important}<\/style><div class=\"stk-block-call-to-action__content stk-content-align stk-820ecf8-column alignwide stk-container stk-820ecf8-container stk--no-background stk--no-padding\"><div class=\"has-text-align-center stk-block-content stk-inner-blocks stk-820ecf8-inner-blocks\">\n<div class=\"wp-block-stackable-heading stk-block-heading stk-block-heading--v2 stk-block stk-4fcdf62\" id=\"karavan-tip-onay-belgesi-cozumleri\" data-block-id=\"4fcdf62\"><style>.stk-4fcdf62 .stk-block-heading__text{font-size:48px !important;color:#FFFFFF !important;font-weight:600 !important;font-family:\"Lato\",Sans-serif !important}@media screen and (max-width:999px){.stk-4fcdf62 .stk-block-heading__text{font-size:48px !important}}<\/style><h3 class=\"stk-block-heading__text has-text-color has-white-color\">Caravan Type Approval Certificate Solutions<\/h3><\/div>\n\n\n\n<div class=\"wp-block-stackable-text stk-block-text stk-block stk-eb0fe6c\" data-block-id=\"eb0fe6c\"><style>.stk-eb0fe6c .stk-block-text__text{color:#FFFFFF !important}<\/style><p class=\"stk-block-text__text has-text-color has-white-color\">At Anemon Engineering, we manage type approval certificate processes for both motorhomes and trailer caravans. We would like to collaborate with you in the certification processes you need by sharing the details of your project. Our expert team members provide services in planning, design, and production, from company establishment to registration and continuity phases. Apply for our solution partnership where you will comply with quality standards through on-site and remote inspections and establish a strong market presence.<\/p><\/div>\n\n\n\n<div class=\"wp-block-stackable-button-group stk-block-button-group stk-block stk-7e0f853\" data-block-id=\"7e0f853\"><div class=\"stk-row stk-inner-blocks stk-block-content stk-button-group\">\n<div class=\"wp-block-stackable-button stk-block-button stk-block stk-a2437ad\" data-block-id=\"a2437ad\"><style>.stk-a2437ad:hover{opacity:0.8 !important}.stk-a2437ad .stk-button{padding-right:24px !important;padding-left:24px !important;background:#7bdcb5 !important;border-top-left-radius:50px !important;border-top-right-radius:50px !important;border-bottom-right-radius:50px !important;border-bottom-left-radius:50px !important}.stk-a2437ad .stk-button__inner-text{color:#000000 !important}<\/style><a class=\"stk-link stk-button stk--hover-effect-darken\" href=\"https:\/\/anemonmuhendislik.com\/en\/caravan-type-approval-certificate-o1-o2-online-application\/\"><span class=\"has-text-color has-black-color stk-button__inner-text\">ONLINE APPLICATION<\/span><\/a><\/div>\n<\/div><\/div>\n<\/div><\/div><\/div>\n\n<div class=\"wp-block-stackable-posts alignwide stk-block-posts stk--has-container stk-block stk-45c3762 stk-block-background is-style-list stk--has-background-overlay\" data-v=\"2\" data-block-id=\"45c3762\"><style>.stk-45c3762{background-color:linear-gradient(135deg,rgba(6,147,227,1) 0%,rgb(155,81,224) 100%) !important;--stk-columns:1 !important}.stk-45c3762:before{background-image:linear-gradient(135deg,rgba(6,147,227,1) 0%,rgb(155,81,224) 100%) !important}.stk-45c3762-container{box-shadow:0 0 0 1px rgba(120,120,120,0.1) !important}.stk-45c3762-container .stk-block-posts__image-link{flex-basis:26% !important;filter:drop-shadow(0px 5px 10px rgba(153,153,153,0.35)) !important}.stk-45c3762-container .stk-block-posts__image-link img{transform:scale(1.03) !important}.stk-45c3762-container .stk-block-posts__image-link::after{background-image:linear-gradient(135deg,rgba(6,147,227,1) 0%,rgb(155,81,224) 100%) !important}.stk-45c3762 .stk-container-padding{width:74% !important}<\/style><div class=\"stk-inner-blocks stk-content-align stk-45c3762-column alignwide\"><div class=\"stk-block-posts__items\"><\/div><div class=\"stk-inner-blocks\"><\/div><\/div><\/div>\n","protected":false},"excerpt":{"rendered":"<p>Whether it&#8217;s a motorhome or a trailer caravan! We develop joint solutions with you in your certification and project processes.<\/p>\n","protected":false},"author":1,"featured_media":7743,"parent":0,"menu_order":0,"comment_status":"closed","ping_status":"closed","template":"","meta":{"_uag_custom_page_level_css":"","footnotes":""},"class_list":["post-8302","page","type-page","status-publish","has-post-thumbnail","hentry"],"blocksy_meta":[],"uagb_featured_image_src":{"full":["https:\/\/anemonmuhendislik.com\/wp-content\/uploads\/2024\/01\/image_2024-02-24_104254404.jpg",1920,1080,false],"thumbnail":["https:\/\/anemonmuhendislik.com\/wp-content\/uploads\/2024\/01\/image_2024-02-24_104254404-150x150.jpg",150,150,true],"medium":["https:\/\/anemonmuhendislik.com\/wp-content\/uploads\/2024\/01\/image_2024-02-24_104254404-300x169.jpg",300,169,true],"medium_large":["https:\/\/anemonmuhendislik.com\/wp-content\/uploads\/2024\/01\/image_2024-02-24_104254404-768x432.jpg",768,432,true],"large":["https:\/\/anemonmuhendislik.com\/wp-content\/uploads\/2024\/01\/image_2024-02-24_104254404-1024x576.jpg",1024,576,true],"1536x1536":["https:\/\/anemonmuhendislik.com\/wp-content\/uploads\/2024\/01\/image_2024-02-24_104254404-1536x864.jpg",1536,864,true],"2048x2048":["https:\/\/anemonmuhendislik.com\/wp-content\/uploads\/2024\/01\/image_2024-02-24_104254404.jpg",1920,1080,false]},"uagb_author_info":{"display_name":"Homologasyon Uzman\u0131","author_link":"https:\/\/anemonmuhendislik.com\/en\/author\/user\/"},"uagb_comment_info":0,"uagb_excerpt":"Whether it's a motorhome or a trailer caravan! We develop joint solutions with you in your certification and project processes.","jetpack-related-posts":[{"id":6817,"url":"https:\/\/anemonmuhendislik.com\/karavan-tip-onay-belgesi\/","url_meta":{"origin":8302,"position":0},"title":"Karavan Tip Onay Belgesi","author":"Homologasyon Uzman\u0131","date":"12\/09\/2021","format":false,"excerpt":"\u0130ster motorlu karavan ister \u00e7ekme karavan! Belgelendirme ve proje s\u00fcre\u00e7lerinizde sizlerle ortak \u00e7\u00f6z\u00fcmler \u00fcretiyoruz.","rel":"","context":"Similar post","block_context":{"text":"Similar post","link":""},"img":{"alt_text":"O1 Belgesi, O2 Belgesi, Karavan Tip Onay Belgesi, Karavan 01 Belgesi, Karavan Belgesi, Karavan Projesi","src":"https:\/\/i0.wp.com\/anemonmuhendislik.com\/wp-content\/uploads\/2024\/01\/image_2024-02-24_104254404.jpg?resize=350%2C200&ssl=1","width":350,"height":200,"srcset":"https:\/\/i0.wp.com\/anemonmuhendislik.com\/wp-content\/uploads\/2024\/01\/image_2024-02-24_104254404.jpg?resize=350%2C200&ssl=1 1x, https:\/\/i0.wp.com\/anemonmuhendislik.com\/wp-content\/uploads\/2024\/01\/image_2024-02-24_104254404.jpg?resize=525%2C300&ssl=1 1.5x, https:\/\/i0.wp.com\/anemonmuhendislik.com\/wp-content\/uploads\/2024\/01\/image_2024-02-24_104254404.jpg?resize=700%2C400&ssl=1 2x, https:\/\/i0.wp.com\/anemonmuhendislik.com\/wp-content\/uploads\/2024\/01\/image_2024-02-24_104254404.jpg?resize=1050%2C600&ssl=1 3x, https:\/\/i0.wp.com\/anemonmuhendislik.com\/wp-content\/uploads\/2024\/01\/image_2024-02-24_104254404.jpg?resize=1400%2C800&ssl=1 4x"},"classes":[]},{"id":6629,"url":"https:\/\/anemonmuhendislik.com\/hakkimizda\/","url_meta":{"origin":8302,"position":1},"title":"Homologasyon \u00c7\u00f6z\u00fcm Orta\u011f\u0131n\u0131z\u0131 Tan\u0131y\u0131n","author":"Homologasyon Uzman\u0131","date":"01\/02\/2020","format":false,"excerpt":"Homologasyon \u00c7\u00f6z\u00fcm Orta\u011f\u0131n\u0131z Ara\u00e7lar\u0131n ve komponentlerinin Ulusal, Birle\u015fmi\u015f Milletler ve Avrupa Birli\u011fi y\u00f6netmeliklerine g\u00f6re tip onay s\u00fcre\u00e7lerini birlikte y\u00fcr\u00fctelim. Homologasyon \u00c7\u00f6z\u00fcm Orta\u011f\u0131n\u0131z\u0131 yak\u0131ndan tan\u0131y\u0131n. Daha Fazla Bilgi 25+ Y\u0131l Tecr\u00fcbeyle Tan\u0131\u015f\u0131n Anemon M\u00fchendislik olarak, 25 y\u0131l\u0131 a\u015fk\u0131n tecr\u00fcbeye sahip uzman kadromuzla, Ankara (Merkez Ofis), \u0130stanbul ve Bursa\u2019daki lokasyonlar\u0131m\u0131zda hizmet sunuyoruz.\u2026","rel":"","context":"Similar post","block_context":{"text":"Similar post","link":""},"img":{"alt_text":"Anemon M\u00fchendislik, Tip Onay Belgesi, Homologasyon, Ara\u00e7 Proje, Homologasyon \u00c7\u00f6z\u00fcm Orta\u011f\u0131n\u0131z, Homologasyon Hizmetleri","src":"https:\/\/i0.wp.com\/anemonmuhendislik.com\/wp-content\/uploads\/2024\/02\/AnemonHeaderLogo512-800.png?resize=350%2C200&ssl=1","width":350,"height":200,"srcset":"https:\/\/i0.wp.com\/anemonmuhendislik.com\/wp-content\/uploads\/2024\/02\/AnemonHeaderLogo512-800.png?resize=350%2C200&ssl=1 1x, https:\/\/i0.wp.com\/anemonmuhendislik.com\/wp-content\/uploads\/2024\/02\/AnemonHeaderLogo512-800.png?resize=525%2C300&ssl=1 1.5x, https:\/\/i0.wp.com\/anemonmuhendislik.com\/wp-content\/uploads\/2024\/02\/AnemonHeaderLogo512-800.png?resize=700%2C400&ssl=1 2x"},"classes":[]},{"id":6588,"url":"https:\/\/anemonmuhendislik.com\/homologasyon\/","url_meta":{"origin":8302,"position":2},"title":"Anemon M\u00fchendislik &#8211; Homologasyon \u00c7\u00f6z\u00fcm Orta\u011f\u0131n\u0131z","author":"Homologasyon Uzman\u0131","date":"21\/09\/2019","format":false,"excerpt":"","rel":"","context":"Similar post","block_context":{"text":"Similar post","link":""},"img":{"alt_text":"Anemon M\u00fchendislik, Tip Onay Belgesi, Homologasyon, Ara\u00e7 Proje, Homologasyon \u00c7\u00f6z\u00fcm Orta\u011f\u0131n\u0131z, Homologasyon Hizmetleri","src":"https:\/\/i0.wp.com\/anemonmuhendislik.com\/wp-content\/uploads\/2024\/02\/AnemonHeaderLogo512-800.png?resize=350%2C200&ssl=1","width":350,"height":200,"srcset":"https:\/\/i0.wp.com\/anemonmuhendislik.com\/wp-content\/uploads\/2024\/02\/AnemonHeaderLogo512-800.png?resize=350%2C200&ssl=1 1x, https:\/\/i0.wp.com\/anemonmuhendislik.com\/wp-content\/uploads\/2024\/02\/AnemonHeaderLogo512-800.png?resize=525%2C300&ssl=1 1.5x, https:\/\/i0.wp.com\/anemonmuhendislik.com\/wp-content\/uploads\/2024\/02\/AnemonHeaderLogo512-800.png?resize=700%2C400&ssl=1 2x"},"classes":[]},{"id":7974,"url":"https:\/\/anemonmuhendislik.com\/en\/","url_meta":{"origin":8302,"position":3},"title":"Anemon Engineering &#8211; your Homologation Solutions Partner","author":"Homologasyon Uzman\u0131","date":"21\/09\/2019","format":false,"excerpt":"","rel":"","context":"Similar post","block_context":{"text":"Similar post","link":""},"img":{"alt_text":"Anemon Engineering, Type Approval Certificate, Homologation, Vehicle Project, Your Homologation Solutions Partner, Homologation Services","src":"https:\/\/i0.wp.com\/anemonmuhendislik.com\/wp-content\/uploads\/2024\/02\/AnemonHeaderLogo512-800.png?resize=350%2C200&ssl=1","width":350,"height":200,"srcset":"https:\/\/i0.wp.com\/anemonmuhendislik.com\/wp-content\/uploads\/2024\/02\/AnemonHeaderLogo512-800.png?resize=350%2C200&ssl=1 1x, https:\/\/i0.wp.com\/anemonmuhendislik.com\/wp-content\/uploads\/2024\/02\/AnemonHeaderLogo512-800.png?resize=525%2C300&ssl=1 1.5x, https:\/\/i0.wp.com\/anemonmuhendislik.com\/wp-content\/uploads\/2024\/02\/AnemonHeaderLogo512-800.png?resize=700%2C400&ssl=1 2x"},"classes":[]},{"id":6949,"url":"https:\/\/anemonmuhendislik.com\/e-katalog\/","url_meta":{"origin":8302,"position":4},"title":"e-Katalog","author":"Homologasyon Uzman\u0131","date":"11\/05\/2022","format":false,"excerpt":"Sunmu\u015f oldu\u011fumuz hizmetler i\u00e7in haz\u0131rlam\u0131\u015f oldu\u011fumuz e-Katalog i\u00e7eri\u011fini inceleyin. Karavan tip onay belgesi, otob\u00fcs tip onay belgesi, elektrikli ara\u00e7 d\u00f6n\u00fc\u015f\u00fcm\u00fc ba\u015fta olmak \u00fczere ihracat veya yurt i\u00e7i odakl\u0131 belgelendirme hizmetlerimizi inceleyin. [dflip id=\"7312\" ][\/dflip] MORE <!\u2013- \/stk-start:posts\/template \u2013->!#title!#!#category!#!#excerpt!#!#readmoreText!#<!\u2013- \/stk-end:post\/template \u2013->","rel":"","context":"Similar post","block_context":{"text":"Similar post","link":""},"img":{"alt_text":"","src":"","width":0,"height":0},"classes":[]},{"id":7862,"url":"https:\/\/anemonmuhendislik.com\/en\/e-katalog\/","url_meta":{"origin":8302,"position":5},"title":"e-Katalog","author":"Homologasyon Uzman\u0131","date":"11\/05\/2022","format":false,"excerpt":"Sunmu\u015f oldu\u011fumuz hizmetler i\u00e7in haz\u0131rlam\u0131\u015f oldu\u011fumuz e-Katalog i\u00e7eri\u011fini inceleyin. Karavan tip onay belgesi, otob\u00fcs tip onay belgesi, elektrikli ara\u00e7 d\u00f6n\u00fc\u015f\u00fcm\u00fc ba\u015fta olmak \u00fczere ihracat veya yurt i\u00e7i odakl\u0131 belgelendirme hizmetlerimizi inceleyin. [dflip id=\"7312\" ][\/dflip] MORE <!\u2013- \/stk-start:posts\/template \u2013->!#title!#!#category!#!#excerpt!#!#readmoreText!#<!\u2013- \/stk-end:post\/template \u2013->","rel":"","context":"Similar post","block_context":{"text":"Similar post","link":""},"img":{"alt_text":"","src":"","width":0,"height":0},"classes":[]}],"_links":{"self":[{"href":"https:\/\/anemonmuhendislik.com\/en\/wp-json\/wp\/v2\/pages\/8302","targetHints":{"allow":["GET"]}}],"collection":[{"href":"https:\/\/anemonmuhendislik.com\/en\/wp-json\/wp\/v2\/pages"}],"about":[{"href":"https:\/\/anemonmuhendislik.com\/en\/wp-json\/wp\/v2\/types\/page"}],"author":[{"embeddable":true,"href":"https:\/\/anemonmuhendislik.com\/en\/wp-json\/wp\/v2\/users\/1"}],"replies":[{"embeddable":true,"href":"https:\/\/anemonmuhendislik.com\/en\/wp-json\/wp\/v2\/comments?post=8302"}],"version-history":[{"count":1,"href":"https:\/\/anemonmuhendislik.com\/en\/wp-json\/wp\/v2\/pages\/8302\/revisions"}],"predecessor-version":[{"id":8303,"href":"https:\/\/anemonmuhendislik.com\/en\/wp-json\/wp\/v2\/pages\/8302\/revisions\/8303"}],"wp:featuredmedia":[{"embeddable":true,"href":"https:\/\/anemonmuhendislik.com\/en\/wp-json\/wp\/v2\/media\/7743"}],"wp:attachment":[{"href":"https:\/\/anemonmuhendislik.com\/en\/wp-json\/wp\/v2\/media?parent=8302"}],"curies":[{"name":"wp","href":"https:\/\/api.w.org\/{rel}","templated":true}]}}