{"id":8316,"date":"2020-02-01T18:45:35","date_gmt":"2020-02-01T15:45:35","guid":{"rendered":"https:\/\/anemonmuhendislik.com\/homologation-solutions\/engineering-and-consulting\/"},"modified":"2025-09-15T22:35:31","modified_gmt":"2025-09-15T19:35:31","slug":"engineering-and-consulting","status":"publish","type":"page","link":"https:\/\/anemonmuhendislik.com\/en\/homologation-solutions\/engineering-and-consulting\/","title":{"rendered":"Engineering and Consulting"},"content":{"rendered":"\n<div class=\"wp-block-stackable-hero alignfull stk-block-hero stk-block stk-e27e6b4 stk-block-background stk--has-background-overlay\" data-v=\"2\" data-block-id=\"e27e6b4\"><style>.stk-e27e6b4{background-color:#000000 !important;background-image:url(https:\/\/anemonmuhendislik.com\/wp-content\/uploads\/2024\/02\/image_2024-02-25_204211193.jpg) !important;min-height:900px !important;align-items:center !important;display:flex !important}.stk-e27e6b4:before{background-color:#000000 !important;opacity:0.8 !important}.stk-e27e6b4 .stk-block-hero__content{min-height:500px !important;align-items:center !important;display:flex !important}<\/style><div class=\"stk-block-hero__content stk-content-align stk-e27e6b4-column alignwide stk-container stk-e27e6b4-container stk--no-background stk--no-padding\"><div class=\"stk-block-content stk-inner-blocks has-text-align-center stk-e27e6b4-inner-blocks\">\n<div class=\"wp-block-stackable-heading stk-block-heading stk-block-heading--v2 stk-block stk-0e565a0\" id=\"muhendislik-amp-danismanlik\" data-block-id=\"0e565a0\"><style>.stk-0e565a0 .stk-block-heading__text{font-size:64px !important;color:#FFFFFF !important;font-weight:200 !important;font-family:\"Inter\",Sans-serif !important}@media screen and (max-width:999px){.stk-0e565a0 .stk-block-heading__text{font-size:50px !important}}<\/style><h1 class=\"stk-block-heading__text has-text-color has-white-color\">Engineering  Consulting<\/h1><\/div>\n\n\n\n<div class=\"wp-block-stackable-text stk-block-text stk-block stk-99b8ab9\" data-block-id=\"99b8ab9\"><style>.stk-99b8ab9 .stk-block-text__text{color:#FFFFFF !important}<\/style><p class=\"stk-block-text__text has-text-color has-white-color\">We provide services with our expert team in vehicle type approval certification processes. Discover our customer satisfaction-focused project management processes.<\/p><\/div>\n\n\n\n<div class=\"wp-block-stackable-button-group stk-block-button-group stk-block stk-37913da\" data-block-id=\"37913da\"><div class=\"stk-row stk-inner-blocks stk-block-content stk-button-group\">\n<div class=\"wp-block-stackable-button stk-block-button is-style-ghost stk-block stk-c3452e8\" data-block-id=\"c3452e8\"><style>.stk-c3452e8:hover{opacity:0.8 !important}.stk-c3452e8 .stk-button{padding-right:24px !important;padding-left:24px !important;background:transparent !important;border-top-left-radius:50px !important;border-top-right-radius:50px !important;border-bottom-right-radius:50px !important;border-bottom-left-radius:50px !important}.stk-c3452e8 .stk-button:hover:after{background:transparent !important;opacity:1 !important}:where(.stk-hover-parent:hover,.stk-hover-parent.stk--is-hovered) .stk-c3452e8 .stk-button:after{background:transparent !important;opacity:1 !important}.stk-c3452e8 .stk-button:before{border-style:solid !important}.stk-c3452e8 .stk-button .stk--inner-svg svg:last-child,.stk-c3452e8 .stk-button .stk--inner-svg svg:last-child :is(g,path,rect,polygon,ellipse){fill:var(--theme-palette-color-2,#1559ed) !important}.stk-c3452e8 .stk-button__inner-text{font-size:16px !important;font-family:\"Inter\",Sans-serif !important}@media screen and (max-width:999px){.stk-c3452e8 .stk-button__inner-text{font-size:16px !important}}<\/style><a class=\"stk-link stk-button stk--hover-effect-darken\" href=\"https:\/\/anemonmuhendislik.com\/en\/contact-us-for-the-type-approval-certificate\/\"><span class=\"stk--svg-wrapper\"><div class=\"stk--inner-svg\"><svg xmlns=\"http:\/\/www.w3.org\/2000\/svg\" viewbox=\"0 0 384 512\" aria-hidden=\"true\" width=\"32\" height=\"32\"><path d=\"M256 48V64c0 17.7-14.3 32-32 32H160c-17.7 0-32-14.3-32-32V48H64c-8.8 0-16 7.2-16 16V448c0 8.8 7.2 16 16 16H320c8.8 0 16-7.2 16-16V64c0-8.8-7.2-16-16-16H256zM0 64C0 28.7 28.7 0 64 0H320c35.3 0 64 28.7 64 64V448c0 35.3-28.7 64-64 64H64c-35.3 0-64-28.7-64-64V64zM160 320h64c44.2 0 80 35.8 80 80c0 8.8-7.2 16-16 16H96c-8.8 0-16-7.2-16-16c0-44.2 35.8-80 80-80zm-32-96a64 64 0 1 1 128 0 64 64 0 1 1 -128 0z\"><\/path><\/svg><\/div><\/span><span class=\"stk-button__inner-text\">More Information<\/span><\/a><\/div>\n<\/div><\/div>\n<\/div><\/div><\/div>\n","protected":false},"excerpt":{"rendered":"<p>Engineering Consulting We provide services with our expert team in vehicle type approval certification processes. Discover our customer satisfaction-focused project management processes. More Information<\/p>\n","protected":false},"author":1,"featured_media":0,"parent":8083,"menu_order":0,"comment_status":"closed","ping_status":"closed","template":"","meta":{"_uag_custom_page_level_css":"","footnotes":""},"class_list":["post-8316","page","type-page","status-publish","hentry"],"blocksy_meta":[],"uagb_featured_image_src":{"full":false,"thumbnail":false,"medium":false,"medium_large":false,"large":false,"1536x1536":false,"2048x2048":false},"uagb_author_info":{"display_name":"Homologasyon Uzman\u0131","author_link":"https:\/\/anemonmuhendislik.com\/en\/author\/user\/"},"uagb_comment_info":0,"uagb_excerpt":"Engineering Consulting We provide services with our expert team in vehicle type approval certification processes. Discover our customer satisfaction-focused project management processes. More Information","jetpack-related-posts":[{"id":6637,"url":"https:\/\/anemonmuhendislik.com\/homologasyon-hizmetlerimiz\/arac-proje\/","url_meta":{"origin":8316,"position":0},"title":"M\u00fcnferit Ara\u00e7 Proje","author":"Homologasyon Uzman\u0131","date":"01\/02\/2020","format":false,"excerpt":"M\u00fcnferit (TSE) Ara\u00e7 Proje A\u0130TM Y\u00f6netmeli\u011fi kapsam\u0131nda izin verilen tadilatlara y\u00f6nelik M\u00fcnferit Proje hizmetleri sunmaktay\u0131z. Daha Fazla Bilgi","rel":"","context":"Similar post","block_context":{"text":"Similar post","link":""},"img":{"alt_text":"","src":"","width":0,"height":0},"classes":[]},{"id":6639,"url":"https:\/\/anemonmuhendislik.com\/homologasyon-hizmetlerimiz\/muhendislik-ve-danismanlik\/","url_meta":{"origin":8316,"position":1},"title":"M\u00fchendislik ve Dan\u0131\u015fmanl\u0131k","author":"Homologasyon Uzman\u0131","date":"01\/02\/2020","format":false,"excerpt":"M\u00fchendislik & Dan\u0131\u015fmanl\u0131k Ara\u00e7 tip onay belgelendirme s\u00fcre\u00e7lerinde uzman kadromuzla hizmet vermekteyiz. M\u00fc\u015fteri memnuniyeti odakl\u0131 proje y\u00f6netim s\u00fcre\u00e7lerimizle tan\u0131\u015f\u0131n. Daha Fazla Bilgi","rel":"","context":"Similar post","block_context":{"text":"Similar post","link":""},"img":{"alt_text":"","src":"","width":0,"height":0},"classes":[]},{"id":8314,"url":"https:\/\/anemonmuhendislik.com\/en\/homologation-solutions\/individual-vehicle-project\/","url_meta":{"origin":8316,"position":2},"title":"Individual Vehicle Project","author":"Homologasyon Uzman\u0131","date":"01\/02\/2020","format":false,"excerpt":"Individual (TSE) Vehicle Project We provide Individual Project services for modifications permitted under the AITM Regulation. More Information","rel":"","context":"Similar post","block_context":{"text":"Similar post","link":""},"img":{"alt_text":"","src":"","width":0,"height":0},"classes":[]},{"id":6633,"url":"https:\/\/anemonmuhendislik.com\/homologasyon-hizmetlerimiz\/seri-imalat-tip-onayi\/","url_meta":{"origin":8316,"position":3},"title":"Seri \u0130malat Tip Onay\u0131","author":"Homologasyon Uzman\u0131","date":"01\/02\/2020","format":false,"excerpt":"Seri \u0130malat Tip Onay Belgesi Ulusal veya Avrupa Birli\u011fi y\u00f6netmeliklerine g\u00f6re d\u00fczenlenen tip onay belgeleri i\u00e7in h\u0131zl\u0131 ve geni\u015f kapsaml\u0131 belgelendirme ger\u00e7ekle\u015ftiriyoruz. Daha Fazla Bilgi","rel":"","context":"Similar post","block_context":{"text":"Similar post","link":""},"img":{"alt_text":"","src":"","width":0,"height":0},"classes":[]},{"id":8306,"url":"https:\/\/anemonmuhendislik.com\/en\/homologation-solutions\/type-approval-for-series-production\/","url_meta":{"origin":8316,"position":4},"title":"Type Approval for Series Production","author":"Homologasyon Uzman\u0131","date":"01\/02\/2020","format":false,"excerpt":"Series Production Type Approval Certificate We provide fast and comprehensive certification for type approval certificates in accordance with national or European Union regulations. More Information","rel":"","context":"Similar post","block_context":{"text":"Similar post","link":""},"img":{"alt_text":"","src":"","width":0,"height":0},"classes":[]},{"id":7890,"url":"https:\/\/anemonmuhendislik.com\/en\/about-us\/","url_meta":{"origin":8316,"position":5},"title":"Meet Your Homologation Solution Partner","author":"Homologasyon Uzman\u0131","date":"01\/02\/2020","format":false,"excerpt":"Your Homologation Solution Partner Let's conduct the approval processes of vehicles and their components together according to National, United Nations, and European Union regulations. Get to know your Homologation Solution Partner closely. More Info Meet 25+ Years of Experience Anemon Engineering offers solutions with its expert team possessing over 25\u2026","rel":"","context":"Similar post","block_context":{"text":"Similar post","link":""},"img":{"alt_text":"Anemon Engineering, Type Approval Certificate, Homologation, Vehicle Project, Your Homologation Solutions Partner, Homologation Services","src":"https:\/\/i0.wp.com\/anemonmuhendislik.com\/wp-content\/uploads\/2024\/02\/AnemonHeaderLogo512-800.png?resize=350%2C200&ssl=1","width":350,"height":200,"srcset":"https:\/\/i0.wp.com\/anemonmuhendislik.com\/wp-content\/uploads\/2024\/02\/AnemonHeaderLogo512-800.png?resize=350%2C200&ssl=1 1x, https:\/\/i0.wp.com\/anemonmuhendislik.com\/wp-content\/uploads\/2024\/02\/AnemonHeaderLogo512-800.png?resize=525%2C300&ssl=1 1.5x, https:\/\/i0.wp.com\/anemonmuhendislik.com\/wp-content\/uploads\/2024\/02\/AnemonHeaderLogo512-800.png?resize=700%2C400&ssl=1 2x"},"classes":[]}],"_links":{"self":[{"href":"https:\/\/anemonmuhendislik.com\/en\/wp-json\/wp\/v2\/pages\/8316","targetHints":{"allow":["GET"]}}],"collection":[{"href":"https:\/\/anemonmuhendislik.com\/en\/wp-json\/wp\/v2\/pages"}],"about":[{"href":"https:\/\/anemonmuhendislik.com\/en\/wp-json\/wp\/v2\/types\/page"}],"author":[{"embeddable":true,"href":"https:\/\/anemonmuhendislik.com\/en\/wp-json\/wp\/v2\/users\/1"}],"replies":[{"embeddable":true,"href":"https:\/\/anemonmuhendislik.com\/en\/wp-json\/wp\/v2\/comments?post=8316"}],"version-history":[{"count":1,"href":"https:\/\/anemonmuhendislik.com\/en\/wp-json\/wp\/v2\/pages\/8316\/revisions"}],"predecessor-version":[{"id":8317,"href":"https:\/\/anemonmuhendislik.com\/en\/wp-json\/wp\/v2\/pages\/8316\/revisions\/8317"}],"up":[{"embeddable":true,"href":"https:\/\/anemonmuhendislik.com\/en\/wp-json\/wp\/v2\/pages\/8083"}],"wp:attachment":[{"href":"https:\/\/anemonmuhendislik.com\/en\/wp-json\/wp\/v2\/media?parent=8316"}],"curies":[{"name":"wp","href":"https:\/\/api.w.org\/{rel}","templated":true}]}}