{"id":8352,"date":"2025-12-02T11:22:57","date_gmt":"2025-12-02T08:22:57","guid":{"rendered":"https:\/\/anemonmuhendislik.com\/?page_id=8352"},"modified":"2025-12-02T11:22:57","modified_gmt":"2025-12-02T08:22:57","slug":"gizlilik-politikasi","status":"publish","type":"page","link":"https:\/\/anemonmuhendislik.com\/en\/about-us\/gizlilik-politikasi\/","title":{"rendered":"Gizlilik Politikas\u0131"},"content":{"rendered":"<h2 class=\"wp-block-heading\">Kim Oldu\u011fumuz<\/h2><p><strong class=\"privacy-policy-tutorial\">\u00d6nerilen metin: <\/strong>Web sitemizin adresi: http:\/\/127.0.0.1.<\/p><h2 class=\"wp-block-heading\">Yorumlar<\/h2><p><strong class=\"privacy-policy-tutorial\">\u00d6nerilen metin: <\/strong>Ziyaret\u00e7iler siteye yorum b\u0131rakt\u0131\u011f\u0131nda, yorum formunda g\u00f6sterilen verileri ve ayr\u0131ca spam tespitine yard\u0131mc\u0131 olmak i\u00e7in ziyaret\u00e7inin IP adresini ve taray\u0131c\u0131 kullan\u0131c\u0131 arac\u0131s\u0131 dizgisini toplar\u0131z.<\/p><p>E-posta adresinizden olu\u015fturulan anonimle\u015ftirilmi\u015f bir dize (hash olarak da adland\u0131r\u0131l\u0131r) Gravatar hizmetine sa\u011flanabilir. Gravatar hizmeti gizlilik politikas\u0131 burada mevcuttur: https:\/\/automattic.com\/privacy\/. Yorumunuz onayland\u0131ktan sonra, profil resminiz yorumunuz ba\u011flam\u0131nda halka g\u00f6r\u00fcn\u00fcr hale gelir. <\/p><h2 class=\"wp-block-heading\">Medya<\/h2><p><strong class=\"privacy-policy-tutorial\">\u00d6nerilen metin: <\/strong>Web sitesine resim y\u00fcklerseniz, g\u00f6m\u00fcl\u00fc konum verileri (EXIF GPS) i\u00e7eren resimler y\u00fcklemekten ka\u00e7\u0131nmal\u0131s\u0131n\u0131z. Web sitesini ziyaret edenler, web sitesindeki resimlerden herhangi bir konum verisini indirebilir ve \u00e7\u0131karabilir. <\/p><h2 class=\"wp-block-heading\">\u00c7erezler<\/h2><p><strong class=\"privacy-policy-tutorial\">\u00d6nerilen metin: <\/strong>Sitemize bir yorum b\u0131rak\u0131rsan\u0131z, ad\u0131n\u0131z\u0131, e-posta adresinizi ve web sitenizi \u00e7erezlerde kaydetmeyi se\u00e7ebilirsiniz. Bunlar, ba\u015fka bir yorum b\u0131rakt\u0131\u011f\u0131n\u0131zda bilgilerinizi tekrar doldurmak zorunda kalmaman\u0131z i\u00e7in sizin rahatl\u0131\u011f\u0131n\u0131z i\u00e7indir. Bu \u00e7erezler bir y\u0131l boyunca ge\u00e7erli olacakt\u0131r.  <\/p><p>Giri\u015f sayfam\u0131z\u0131 ziyaret ederseniz, taray\u0131c\u0131n\u0131z\u0131n \u00e7erezleri kabul edip etmedi\u011fini belirlemek i\u00e7in ge\u00e7ici bir \u00e7erez ayarlayaca\u011f\u0131z. Bu \u00e7erez ki\u015fisel veri i\u00e7ermez ve taray\u0131c\u0131n\u0131z\u0131 kapatt\u0131\u011f\u0131n\u0131zda silinir. <\/p><p>Giri\u015f yapt\u0131\u011f\u0131n\u0131zda, giri\u015f bilgilerinizi ve ekran g\u00f6r\u00fcnt\u00fcleme tercihlerinizi kaydetmek i\u00e7in birka\u00e7 \u00e7erez de ayarlayaca\u011f\u0131z. Giri\u015f \u00e7erezleri iki g\u00fcn, ekran se\u00e7enekleri \u00e7erezleri bir y\u0131l boyunca ge\u00e7erlidir. &#8220;Beni Hat\u0131rla&#8221; se\u00e7ene\u011fini belirlerseniz, giri\u015finiz iki hafta boyunca devam eder. Hesab\u0131n\u0131zdan \u00e7\u0131k\u0131\u015f yaparsan\u0131z, giri\u015f \u00e7erezleri kald\u0131r\u0131lacakt\u0131r.   <\/p><p>Bir makaleyi d\u00fczenlerseniz veya yay\u0131nlarsan\u0131z, taray\u0131c\u0131n\u0131za ek bir \u00e7erez kaydedilecektir. Bu \u00e7erez ki\u015fisel veri i\u00e7ermez ve yaln\u0131zca d\u00fczenledi\u011finiz makalenin g\u00f6nderi kimli\u011fini belirtir. 1 g\u00fcn sonra sona erer.  <\/p><h2 class=\"wp-block-heading\">Di\u011fer Web Sitelerinden G\u00f6m\u00fcl\u00fc I\u00e7erik<\/h2><p><strong class=\"privacy-policy-tutorial\">\u00d6nerilen metin: <\/strong>Bu sitedeki makaleler g\u00f6m\u00fcl\u00fc i\u00e7erik i\u00e7erebilir (\u00f6rne\u011fin videolar, resimler, makaleler, vb.). Di\u011fer web sitelerinden gelen g\u00f6m\u00fcl\u00fc i\u00e7erik, ziyaret\u00e7inin di\u011fer web sitesini ziyaret etmi\u015f gibi ayn\u0131 \u015fekilde davran\u0131r. <\/p><p>Bu web siteleri sizinle ilgili veri toplayabilir, \u00e7erezler kullanabilir, ek \u00fc\u00e7\u00fcnc\u00fc taraf izleme yerle\u015ftirebilir ve g\u00f6m\u00fcl\u00fc i\u00e7erikle etkile\u015fiminizi izleyebilir, bu g\u00f6m\u00fcl\u00fc i\u00e7erikle etkile\u015fiminizi izlemek de dahil olmak \u00fczere, bir hesab\u0131n\u0131z varsa ve o web sitesinde oturum a\u00e7t\u0131ysan\u0131z.<\/p><h2 class=\"wp-block-heading\">Verilerinizi Kiminle Payla\u015f\u0131yoruz<\/h2><p><strong class=\"privacy-policy-tutorial\">\u00d6nerilen metin: <\/strong>Siz bir parola s\u0131f\u0131rlama talep ederseniz, IP adresiniz ve e-posta adresiniz gibi bilgiler s\u0131f\u0131rlama e-postas\u0131na dahil edilecektir.<\/p><h2 class=\"wp-block-heading\">Verilerinizi Ne Kadar S\u00fcreyle Sakl\u0131yoruz<\/h2><p><strong class=\"privacy-policy-tutorial\">\u00d6nerilen metin: <\/strong>Sitemize kay\u0131t olan kullan\u0131c\u0131lar (varsa), kullan\u0131c\u0131 profillerinde sa\u011flad\u0131klar\u0131 ki\u015fisel bilgileri de saklar\u0131z. T\u00fcm kullan\u0131c\u0131lar, hakk\u0131ndaki ki\u015fisel bilgilerini istedikleri zaman g\u00f6rebilir ve d\u00fczenleyebilir. (Ancak kullan\u0131c\u0131 adlar\u0131n\u0131 de\u011fi\u015ftiremezler.) Web sitesi y\u00f6neticileri de bu bilgileri g\u00f6rebilir ve d\u00fczenleyebilir. <\/p><p>Web sitemize kay\u0131t olan kullan\u0131c\u0131lar (varsa), kullan\u0131c\u0131 profillerinde sa\u011flad\u0131klar\u0131 ki\u015fisel bilgileri de saklar\u0131z. T\u00fcm kullan\u0131c\u0131lar, hakk\u0131ndaki ki\u015fisel bilgilerini istedikleri zaman g\u00f6rebilir, d\u00fczenleyebilir veya silebilir. Web sitesi y\u00f6neticileri de bu bilgileri g\u00f6rebilir ve d\u00fczenleyebilir.  <\/p><h2 class=\"wp-block-heading\">Verileriniz \u00dczerindeki Haklar\u0131n\u0131z Nelerdir<\/h2><p><strong class=\"privacy-policy-tutorial\">\u00d6nerilen metin: <\/strong>Hakk\u0131n\u0131zda tuttu\u011fumuz ki\u015fisel verilerin bir d\u0131\u015fa aktarma dosyas\u0131n\u0131, bize sa\u011flad\u0131\u011f\u0131n\u0131z t\u00fcm veriler dahil olmak \u00fczere, almay\u0131 talep edebilirsiniz. Ayr\u0131ca, hakk\u0131n\u0131zda tuttu\u011fumuz ki\u015fisel verilerin silinmesini talep edebilirsiniz. Bu, idari, yasal veya g\u00fcvenlik ama\u00e7lar\u0131 i\u00e7in saklamak zorunda oldu\u011fumuz verileri i\u00e7ermez.  <\/p><h2 class=\"wp-block-heading\">Verileriniz Nereye G\u00f6nderilir<\/h2><p><strong class=\"privacy-policy-tutorial\">\u00d6nerilen metin: <\/strong>Makaleniz onayland\u0131ktan sonra, yorumunuzun ba\u011flam\u0131nda profil resminiz herkese a\u00e7\u0131k olarak g\u00f6r\u00fcn\u00fcr hale gelir.<\/p>","protected":false},"excerpt":{"rendered":"<p>Kim Oldu\u011fumuz \u00d6nerilen metin: Web sitemizin adresi: http:\/\/127.0.0.1. Yorumlar \u00d6nerilen metin: Ziyaret\u00e7iler siteye yorum b\u0131rakt\u0131\u011f\u0131nda, yorum formunda g\u00f6sterilen verileri ve ayr\u0131ca spam tespitine yard\u0131mc\u0131 olmak i\u00e7in ziyaret\u00e7inin IP adresini ve taray\u0131c\u0131 kullan\u0131c\u0131 arac\u0131s\u0131 dizgisini toplar\u0131z. E-posta adresinizden olu\u015fturulan anonimle\u015ftirilmi\u015f bir dize (hash olarak da adland\u0131r\u0131l\u0131r) Gravatar hizmetine sa\u011flanabilir. Gravatar hizmeti gizlilik politikas\u0131 burada mevcuttur: https:\/\/automattic.com\/privacy\/. [&hellip;]<\/p>\n","protected":false},"author":1,"featured_media":0,"parent":7890,"menu_order":0,"comment_status":"closed","ping_status":"open","template":"","meta":{"_uag_custom_page_level_css":"","footnotes":""},"class_list":["post-8352","page","type-page","status-publish","hentry"],"blocksy_meta":[],"uagb_featured_image_src":{"full":false,"thumbnail":false,"medium":false,"medium_large":false,"large":false,"1536x1536":false,"2048x2048":false},"uagb_author_info":{"display_name":"Homologasyon Uzman\u0131","author_link":"https:\/\/anemonmuhendislik.com\/en\/author\/user\/"},"uagb_comment_info":0,"uagb_excerpt":"Kim Oldu\u011fumuz \u00d6nerilen metin: Web sitemizin adresi: http:\/\/127.0.0.1. Yorumlar \u00d6nerilen metin: Ziyaret\u00e7iler siteye yorum b\u0131rakt\u0131\u011f\u0131nda, yorum formunda g\u00f6sterilen verileri ve ayr\u0131ca spam tespitine yard\u0131mc\u0131 olmak i\u00e7in ziyaret\u00e7inin IP adresini ve taray\u0131c\u0131 kullan\u0131c\u0131 arac\u0131s\u0131 dizgisini toplar\u0131z. E-posta adresinizden olu\u015fturulan anonimle\u015ftirilmi\u015f bir dize (hash olarak da adland\u0131r\u0131l\u0131r) Gravatar hizmetine sa\u011flanabilir. Gravatar hizmeti gizlilik politikas\u0131 burada mevcuttur: https:\/\/automattic.com\/privacy\/.&hellip;","jetpack-related-posts":[{"id":8351,"url":"https:\/\/anemonmuhendislik.com\/hakkimizda\/kvkk-aydinlatma-metni\/","url_meta":{"origin":8352,"position":0},"title":"KVKK Ayd\u0131nlatma Metni","author":"Homologasyon Uzman\u0131","date":"02\/12\/2025","format":false,"excerpt":"Anemon M\u00fchendislik San. ve Tic. Ltd. \u015eti. Anemon M\u00fchendislik San. ve Tic. Ltd. \u015eti. (\u201c\u015eirket\u201d), 6698 say\u0131l\u0131 Ki\u015fisel Verilerin Korunmas\u0131 Kanunu (\u201cKVKK\u201d) kapsam\u0131nda ki\u015fisel verilerinizin hukuka uygun \u015fekilde i\u015flenmesi, saklanmas\u0131 ve g\u00fcvenli\u011finin sa\u011flanmas\u0131 i\u00e7in gerekli t\u00fcm teknik ve idari tedbirleri almaktad\u0131r. Bu Ayd\u0131nlatma Metni, ki\u015fisel verilerinizin hangi ama\u00e7larla i\u015flendi\u011fini, hangi\u2026","rel":"","context":"Similar post","block_context":{"text":"Similar post","link":""},"img":{"alt_text":"","src":"","width":0,"height":0},"classes":[]},{"id":7853,"url":"https:\/\/anemonmuhendislik.com\/atp-sertifikasi\/","url_meta":{"origin":8352,"position":1},"title":"ATP Sertifikas\u0131: Bozulabilir G\u0131da Ta\u015f\u0131mac\u0131l\u0131\u011f\u0131 i\u00e7in Belgelendirme","author":"Homologasyon Uzman\u0131","date":"17\/07\/2024","format":false,"excerpt":"ATP SERT\u0130F\u0130KASI Bozulabilir g\u0131da ta\u015f\u0131mac\u0131l\u0131\u011f\u0131 i\u00e7in ATP sertifikas\u0131 TSE s\u00fcre\u00e7lerinde sizlere sundu\u011fumuz \u00e7\u00f6z\u00fcmleri inceleyin. Daha Fazla Bilgi Bozulabilir G\u0131da Ta\u015f\u0131mac\u0131l\u0131\u011f\u0131 i\u00e7in ATP Sertifikas\u0131 Bozulabilir g\u0131dalar\u0131n ta\u015f\u0131nmas\u0131nda en y\u00fcksek standartlara ula\u015fmak, g\u0131da g\u00fcvenli\u011finin sa\u011flanmas\u0131 ve m\u00fc\u015fteri memnuniyetinin art\u0131r\u0131lmas\u0131 a\u00e7\u0131s\u0131ndan b\u00fcy\u00fck \u00f6nem ta\u015f\u0131r. Bu noktada, ATP (Agreement on the International Carriage of\u2026","rel":"","context":"Similar post","block_context":{"text":"Similar post","link":""},"img":{"alt_text":"TSE ATP Sertifikas\u0131 Belgelendirmesi","src":"https:\/\/i0.wp.com\/anemonmuh.s3.eu-west-3.amazonaws.com\/wp-content\/uploads\/2024\/07\/17142201\/TSE-ATP-Sertifikasi-Belgelendirmesi.webp?resize=350%2C200&ssl=1","width":350,"height":200,"srcset":"https:\/\/i0.wp.com\/anemonmuh.s3.eu-west-3.amazonaws.com\/wp-content\/uploads\/2024\/07\/17142201\/TSE-ATP-Sertifikasi-Belgelendirmesi.webp?resize=350%2C200&ssl=1 1x, https:\/\/i0.wp.com\/anemonmuh.s3.eu-west-3.amazonaws.com\/wp-content\/uploads\/2024\/07\/17142201\/TSE-ATP-Sertifikasi-Belgelendirmesi.webp?resize=525%2C300&ssl=1 1.5x, https:\/\/i0.wp.com\/anemonmuh.s3.eu-west-3.amazonaws.com\/wp-content\/uploads\/2024\/07\/17142201\/TSE-ATP-Sertifikasi-Belgelendirmesi.webp?resize=700%2C400&ssl=1 2x, https:\/\/i0.wp.com\/anemonmuh.s3.eu-west-3.amazonaws.com\/wp-content\/uploads\/2024\/07\/17142201\/TSE-ATP-Sertifikasi-Belgelendirmesi.webp?resize=1050%2C600&ssl=1 3x, https:\/\/i0.wp.com\/anemonmuh.s3.eu-west-3.amazonaws.com\/wp-content\/uploads\/2024\/07\/17142201\/TSE-ATP-Sertifikasi-Belgelendirmesi.webp?resize=1400%2C800&ssl=1 4x"},"classes":[]},{"id":7847,"url":"https:\/\/anemonmuhendislik.com\/ece-r155-siber-guvenlik-yonetim-sistemi\/","url_meta":{"origin":8352,"position":2},"title":"ECE R155 &#8211; Siber G\u00fcvenlik Y\u00f6netim Sistemi","author":"Homologasyon Uzman\u0131","date":"07\/07\/2024","format":false,"excerpt":"ECE R155 siber g\u00fcvenlik y\u00f6netim sistemine tam uyun sa\u011flamak i\u00e7in hizmetlerimizi inceleyin.","rel":"","context":"Similar post","block_context":{"text":"Similar post","link":""},"img":{"alt_text":"ECE R155 Siber Gu\u0308venlik Yo\u0308netim Sistemi Belgelendirmesi","src":"https:\/\/i0.wp.com\/anemonmuh.s3.eu-west-3.amazonaws.com\/wp-content\/uploads\/2024\/07\/07233549\/ECE-R155-Siber-Guvenlik-Yonetim-Sistemi-Belgelendirmesi.webp?resize=350%2C200&ssl=1","width":350,"height":200,"srcset":"https:\/\/i0.wp.com\/anemonmuh.s3.eu-west-3.amazonaws.com\/wp-content\/uploads\/2024\/07\/07233549\/ECE-R155-Siber-Guvenlik-Yonetim-Sistemi-Belgelendirmesi.webp?resize=350%2C200&ssl=1 1x, https:\/\/i0.wp.com\/anemonmuh.s3.eu-west-3.amazonaws.com\/wp-content\/uploads\/2024\/07\/07233549\/ECE-R155-Siber-Guvenlik-Yonetim-Sistemi-Belgelendirmesi.webp?resize=525%2C300&ssl=1 1.5x, https:\/\/i0.wp.com\/anemonmuh.s3.eu-west-3.amazonaws.com\/wp-content\/uploads\/2024\/07\/07233549\/ECE-R155-Siber-Guvenlik-Yonetim-Sistemi-Belgelendirmesi.webp?resize=700%2C400&ssl=1 2x, https:\/\/i0.wp.com\/anemonmuh.s3.eu-west-3.amazonaws.com\/wp-content\/uploads\/2024\/07\/07233549\/ECE-R155-Siber-Guvenlik-Yonetim-Sistemi-Belgelendirmesi.webp?resize=1050%2C600&ssl=1 3x, https:\/\/i0.wp.com\/anemonmuh.s3.eu-west-3.amazonaws.com\/wp-content\/uploads\/2024\/07\/07233549\/ECE-R155-Siber-Guvenlik-Yonetim-Sistemi-Belgelendirmesi.webp?resize=1400%2C800&ssl=1 4x"},"classes":[]},{"id":6637,"url":"https:\/\/anemonmuhendislik.com\/homologasyon-hizmetlerimiz\/arac-proje\/","url_meta":{"origin":8352,"position":3},"title":"M\u00fcnferit Ara\u00e7 Proje","author":"Homologasyon Uzman\u0131","date":"01\/02\/2020","format":false,"excerpt":"M\u00fcnferit (TSE) Ara\u00e7 Proje A\u0130TM Y\u00f6netmeli\u011fi kapsam\u0131nda izin verilen tadilatlara y\u00f6nelik M\u00fcnferit Proje hizmetleri sunmaktay\u0131z. Daha Fazla Bilgi","rel":"","context":"Similar post","block_context":{"text":"Similar post","link":""},"img":{"alt_text":"","src":"","width":0,"height":0},"classes":[]},{"id":6639,"url":"https:\/\/anemonmuhendislik.com\/homologasyon-hizmetlerimiz\/muhendislik-ve-danismanlik\/","url_meta":{"origin":8352,"position":4},"title":"M\u00fchendislik ve Dan\u0131\u015fmanl\u0131k","author":"Homologasyon Uzman\u0131","date":"01\/02\/2020","format":false,"excerpt":"M\u00fchendislik & Dan\u0131\u015fmanl\u0131k Ara\u00e7 tip onay belgelendirme s\u00fcre\u00e7lerinde uzman kadromuzla hizmet vermekteyiz. M\u00fc\u015fteri memnuniyeti odakl\u0131 proje y\u00f6netim s\u00fcre\u00e7lerimizle tan\u0131\u015f\u0131n. Daha Fazla Bilgi","rel":"","context":"Similar post","block_context":{"text":"Similar post","link":""},"img":{"alt_text":"","src":"","width":0,"height":0},"classes":[]},{"id":6949,"url":"https:\/\/anemonmuhendislik.com\/e-katalog\/","url_meta":{"origin":8352,"position":5},"title":"e-Katalog","author":"Homologasyon Uzman\u0131","date":"11\/05\/2022","format":false,"excerpt":"Sunmu\u015f oldu\u011fumuz hizmetler i\u00e7in haz\u0131rlam\u0131\u015f oldu\u011fumuz e-Katalog i\u00e7eri\u011fini inceleyin. Karavan tip onay belgesi, otob\u00fcs tip onay belgesi, elektrikli ara\u00e7 d\u00f6n\u00fc\u015f\u00fcm\u00fc ba\u015fta olmak \u00fczere ihracat veya yurt i\u00e7i odakl\u0131 belgelendirme hizmetlerimizi inceleyin. [dflip id=\"7312\" ][\/dflip] MORE <!\u2013- \/stk-start:posts\/template \u2013->!#title!#!#category!#!#excerpt!#!#readmoreText!#<!\u2013- \/stk-end:post\/template \u2013->","rel":"","context":"Similar post","block_context":{"text":"Similar post","link":""},"img":{"alt_text":"","src":"","width":0,"height":0},"classes":[]}],"_links":{"self":[{"href":"https:\/\/anemonmuhendislik.com\/en\/wp-json\/wp\/v2\/pages\/8352","targetHints":{"allow":["GET"]}}],"collection":[{"href":"https:\/\/anemonmuhendislik.com\/en\/wp-json\/wp\/v2\/pages"}],"about":[{"href":"https:\/\/anemonmuhendislik.com\/en\/wp-json\/wp\/v2\/types\/page"}],"author":[{"embeddable":true,"href":"https:\/\/anemonmuhendislik.com\/en\/wp-json\/wp\/v2\/users\/1"}],"replies":[{"embeddable":true,"href":"https:\/\/anemonmuhendislik.com\/en\/wp-json\/wp\/v2\/comments?post=8352"}],"version-history":[{"count":1,"href":"https:\/\/anemonmuhendislik.com\/en\/wp-json\/wp\/v2\/pages\/8352\/revisions"}],"predecessor-version":[{"id":8353,"href":"https:\/\/anemonmuhendislik.com\/en\/wp-json\/wp\/v2\/pages\/8352\/revisions\/8353"}],"up":[{"embeddable":true,"href":"https:\/\/anemonmuhendislik.com\/en\/wp-json\/wp\/v2\/pages\/7890"}],"wp:attachment":[{"href":"https:\/\/anemonmuhendislik.com\/en\/wp-json\/wp\/v2\/media?parent=8352"}],"curies":[{"name":"wp","href":"https:\/\/api.w.org\/{rel}","templated":true}]}}